{"id":3,"date":"2023-10-31T14:14:53","date_gmt":"2023-10-31T14:14:53","guid":{"rendered":"https:\/\/polly.dmacmedia.ie\/rivershannongroup.ie\/?page_id=3"},"modified":"2025-05-07T13:30:21","modified_gmt":"2025-05-07T13:30:21","slug":"privacy-policy","status":"publish","type":"page","link":"https:\/\/rivershannongroup.ie\/ga\/privacy-policy\/","title":{"rendered":"Beartas Pr\u00edobh\u00e1ideachais"},"content":{"rendered":"\t\t<div data-elementor-type=\"wp-page\" data-elementor-id=\"3\" class=\"elementor elementor-3\">\n\t\t\t\t\t\t<section class=\"elementor-section elementor-top-section elementor-element elementor-element-0d62fc6 elementor-section-boxed elementor-section-height-default elementor-section-height-default\" data-id=\"0d62fc6\" data-element_type=\"section\" data-e-type=\"section\">\n\t\t\t\t\t\t<div class=\"elementor-container elementor-column-gap-default\">\n\t\t\t\t\t<div class=\"elementor-column elementor-col-100 elementor-top-column elementor-element elementor-element-589b73b\" data-id=\"589b73b\" data-element_type=\"column\" data-e-type=\"column\">\n\t\t\t<div class=\"elementor-widget-wrap elementor-element-populated\">\n\t\t\t\t\t\t<div class=\"elementor-element elementor-element-d71eefe elementor-widget elementor-widget-spacer\" data-id=\"d71eefe\" data-element_type=\"widget\" data-e-type=\"widget\" data-widget_type=\"spacer.default\">\n\t\t\t\t<div class=\"elementor-widget-container\">\n\t\t\t\t\t\t\t<div class=\"elementor-spacer\">\n\t\t\t<div class=\"elementor-spacer-inner\"><\/div>\n\t\t<\/div>\n\t\t\t\t\t\t<\/div>\n\t\t\t\t<\/div>\n\t\t\t\t<div class=\"elementor-element elementor-element-9f282b4 elementor-widget elementor-widget-text-editor\" data-id=\"9f282b4\" data-element_type=\"widget\" data-e-type=\"widget\" data-widget_type=\"text-editor.default\">\n\t\t\t\t<div class=\"elementor-widget-container\">\n\t\t\t\t\t\t\t\t\t<section class=\"elementor-section elementor-top-section elementor-element elementor-element-5d9edb2 elementor-section-boxed elementor-section-height-default elementor-section-height-default\" data-id=\"5d9edb2\" data-element_type=\"section\"><div class=\"elementor-container elementor-column-gap-default\"><div class=\"elementor-column elementor-col-100 elementor-top-column elementor-element elementor-element-6d353da0\" data-id=\"6d353da0\" data-element_type=\"column\"><div class=\"elementor-widget-wrap elementor-element-populated\"><div class=\"elementor-element elementor-element-5b7b4cc elementor-widget elementor-widget-text-editor\" data-id=\"5b7b4cc\" data-element_type=\"widget\" data-widget_type=\"text-editor.default\"><div class=\"elementor-widget-container\"><h1><strong>Beartas Pr\u00edobh\u00e1ideachais<\/strong><\/h1><\/div><\/div><\/div><\/div><\/div><\/section><section class=\"elementor-section elementor-top-section elementor-element elementor-element-0d62fc6 elementor-section-boxed elementor-section-height-default elementor-section-height-default\" data-id=\"0d62fc6\" data-element_type=\"section\"><div class=\"elementor-container elementor-column-gap-default\"><div class=\"elementor-column elementor-col-100 elementor-top-column elementor-element elementor-element-589b73b\" data-id=\"589b73b\" data-element_type=\"column\"><div class=\"elementor-widget-wrap elementor-element-populated\"><div class=\"elementor-element elementor-element-d71eefe elementor-widget elementor-widget-spacer\" data-id=\"d71eefe\" data-element_type=\"widget\" data-widget_type=\"spacer.default\"><div class=\"elementor-widget-container\"><div class=\"elementor-spacer\"><div class=\"elementor-spacer-inner\">\u00a0<\/div><\/div><\/div><\/div><div class=\"elementor-element elementor-element-9f282b4 elementor-widget elementor-widget-text-editor\" data-id=\"9f282b4\" data-element_type=\"widget\" data-widget_type=\"text-editor.default\"><div class=\"elementor-widget-container\"><p><strong>R\u00e1iteas Pr\u00edobh\u00e1ideachais<\/strong><\/p><p>T\u00e1 an su\u00edomh gr\u00e9as\u00e1in seo \u00e1 chothabh\u00e1il ag Oifig na nOibreacha Poibl\u00ed. D\u00e9anann Oifig na nOibreacha Poibl\u00ed l\u00e1nurram\u00fa ar do cheart chun pr\u00edobh\u00e1ideachais, agus n\u00ed bhaileoidh s\u00ed aon fhaisn\u00e9is phearsanta f\u00fat ar an su\u00edomh gr\u00e9as\u00e1in seo gan cead a fh\u00e1il uait ar bhealach soil\u00e9ir, sainr\u00e1ite.<\/p><p>Caithfear ar bhealach r\u00fanda, sl\u00e1n le haon fhaisn\u00e9is phearsanta a thabharfaidh t\u00fa ar bhonn deonach, de r\u00e9ir na nAchtanna um Chosaint Sonra\u00ed, 1988-2018 agus an Rialach\u00e1in Ghinear\u00e1lta um Chosaint Sonra\u00ed (RGCS).<\/p><p>Baineann an r\u00e1iteas seo len\u00e1r gcleachtais phr\u00edobh\u00e1ideachais maidir leis an su\u00edomh gr\u00e9as\u00e1in seo. M\u00edn\u00edtear ag deireadh an leathanaigh seo roinnt t\u00e9arma\u00ed teicni\u00fala a \u00fas\u00e1idtear sa r\u00e1iteas seo.<\/p><p><strong>\u00a0<\/strong><\/p><p><strong>Baili\u00fa agus \u00fas\u00e1id faisn\u00e9ise pearsanta<\/strong><\/p><p>N\u00ed bhail\u00edonn an su\u00edomh gr\u00e9as\u00e1in seo aon sonra\u00ed pearsanta, seachas faisn\u00e9is a thugann t\u00fa go deonach, nuair a bh\u00edonn aiseolas \u00e1 shol\u00e1thar agat n\u00f3 nuair a chl\u00e1ra\u00edonn t\u00fa th\u00fa f\u00e9in chun f\u00f3gra faoi chomhairli\u00fach\u00e1n a fh\u00e1il, mar shampla.<\/p><p>N\u00ed \u00fas\u00e1idtear aon fhaisn\u00e9is a shol\u00e1thra\u00edonn t\u00fa ar an gcaoi sin ach chun na cr\u00edche a shonra\u00edtear. Le haghaidh cine\u00e1lacha eile faisn\u00e9ise a bhail\u00edtear maidir le cuairteoir\u00ed ar an su\u00edomh, f\u00e9ach th\u00edos.<\/p><p><strong>\u00a0<\/strong><\/p><p><strong>Faisn\u00e9is a bhail\u00edmid go rialta<\/strong><\/p><p>F\u00e9adfaimid an fhaisn\u00e9is seo a leanas a bhaili\u00fa \u00f3 gach \u00fas\u00e1ideoir ar an su\u00edomh seo:<\/p><ol><li>Faisn\u00e9is staitisti\u00fail (seoladh IP agus \u00f3stainm, leagan brabhs\u00e1la\u00ed gr\u00e9as\u00e1in, leathanaigh ar tugadh cuairt orthu srl.)<\/li><li>Seoladh an tsu\u00edmh gr\u00e9as\u00e1in \u00f3nar thug t\u00fa cuairt orainn, agus aon t\u00e9arma\u00ed cuardaigh a \u00fas\u00e1ideadh san \u00e1ireamh<\/li><\/ol><p>\u00a0<\/p><p><strong>An \u00fas\u00e1id a bhainimid as an bhfaisn\u00e9is<\/strong><\/p><p>Bainimid \u00fas\u00e1id as an bhfaisn\u00e9is sin chun anail\u00eds a dh\u00e9anamh ar phatr\u00fain \u00fas\u00e1ide an tsu\u00edmh gr\u00e9as\u00e1in chun cur lena \u00e9ifeachtacht. N\u00ed dh\u00e9anfaimid iarracht cuairteoir\u00ed aonair a aithint, n\u00e1 na sonra\u00ed teicni\u00fala at\u00e1 liostaithe thuas a cheangal le haon duine aonair.<\/p><p>\u00a0<\/p><p>Is \u00e9 \u00e1r mbeartas \u00e9 gan faisn\u00e9is den s\u00f3rt sin maidir le cuairteoir\u00ed aonair ar an su\u00edomh gr\u00e9as\u00e1in a nochtadh d\u2019aon tr\u00ed\u00fa p\u00e1irt\u00ed mura sonra\u00edtear go sainr\u00e1ite \u00e9, n\u00f3 mura bhfuil de dhualgas orainn faisn\u00e9is den s\u00f3rt sin a nochtadh faoin dl\u00ed<\/p><\/div><\/div><\/div><\/div><\/div><\/section>\t\t\t\t\t\t\t\t<\/div>\n\t\t\t\t<\/div>\n\t\t\t\t\t<\/div>\n\t\t<\/div>\n\t\t\t\t\t<\/div>\n\t\t<\/section>\n\t\t\t\t<\/div>\n\t\t","protected":false},"excerpt":{"rendered":"<p>Beartas Pr\u00edobh\u00e1ideachais \u00a0 R\u00e1iteas Pr\u00edobh\u00e1ideachais T\u00e1 an su\u00edomh gr\u00e9as\u00e1in seo \u00e1 chothabh\u00e1il ag Oifig na nOibreacha Poibl\u00ed. D\u00e9anann Oifig na nOibreacha Poibl\u00ed l\u00e1nurram\u00fa ar do cheart chun pr\u00edobh\u00e1ideachais, agus n\u00ed bhaileoidh s\u00ed aon fhaisn\u00e9is phearsanta f\u00fat ar an su\u00edomh gr\u00e9as\u00e1in seo gan cead a fh\u00e1il uait ar bhealach soil\u00e9ir, sainr\u00e1ite. Caithfear ar bhealach r\u00fanda, sl\u00e1n&hellip; <a class=\"more-link\" href=\"https:\/\/rivershannongroup.ie\/ga\/privacy-policy\/\">Continue reading <span class=\"screen-reader-text\">Beartas Pr\u00edobh\u00e1ideachais<\/span><\/a><\/p>\n","protected":false},"author":1,"featured_media":0,"parent":0,"menu_order":0,"comment_status":"closed","ping_status":"closed","template":"","meta":{"footnotes":""},"class_list":["post-3","page","type-page","status-publish","hentry","entry"],"yoast_head":"<!-- This site is optimized with the Yoast SEO plugin v27.3 - https:\/\/yoast.com\/product\/yoast-seo-wordpress\/ -->\n<title>Beartas Pr\u00edobh\u00e1ideachais - Shannon Flood Risk<\/title>\n<meta name=\"description\" content=\"Is m\u00f3r againn do phr\u00edobh\u00e1ideachas agus nuair a bh\u00edonn baint againn len\u00e1r su\u00edomh Gr\u00e9as\u00e1in, t\u00e1 meas agus luach againn ar do phr\u00edobh\u00e1ideachas.\" \/>\n<meta name=\"robots\" content=\"index, follow, max-snippet:-1, max-image-preview:large, max-video-preview:-1\" \/>\n<link rel=\"canonical\" href=\"https:\/\/rivershannongroup.ie\/ga\/privacy-policy\/\" \/>\n<meta property=\"og:locale\" content=\"en_US\" \/>\n<meta property=\"og:type\" content=\"article\" \/>\n<meta property=\"og:title\" content=\"Beartas Pr\u00edobh\u00e1ideachais - Shannon Flood Risk\" \/>\n<meta property=\"og:description\" content=\"Is m\u00f3r againn do phr\u00edobh\u00e1ideachas agus nuair a bh\u00edonn baint againn len\u00e1r su\u00edomh Gr\u00e9as\u00e1in, t\u00e1 meas agus luach againn ar do phr\u00edobh\u00e1ideachas.\" \/>\n<meta property=\"og:url\" content=\"https:\/\/rivershannongroup.ie\/ga\/privacy-policy\/\" \/>\n<meta property=\"og:site_name\" content=\"Shannon Flood Risk\" \/>\n<meta property=\"article:modified_time\" content=\"2025-05-07T13:30:21+00:00\" \/>\n<meta name=\"twitter:card\" content=\"summary_large_image\" \/>\n<meta name=\"twitter:label1\" content=\"Est. reading time\" \/>\n\t<meta name=\"twitter:data1\" content=\"2 minutes\" \/>\n<script type=\"application\/ld+json\" class=\"yoast-schema-graph\">{\"@context\":\"https:\\\/\\\/schema.org\",\"@graph\":[{\"@type\":\"WebPage\",\"@id\":\"https:\\\/\\\/rivershannongroup.ie\\\/ga\\\/privacy-policy\\\/\",\"url\":\"https:\\\/\\\/rivershannongroup.ie\\\/ga\\\/privacy-policy\\\/\",\"name\":\"Beartas Pr\u00edobh\u00e1ideachais - Shannon Flood Risk\",\"isPartOf\":{\"@id\":\"https:\\\/\\\/rivershannongroup.ie\\\/ga\\\/#website\"},\"datePublished\":\"2023-10-31T14:14:53+00:00\",\"dateModified\":\"2025-05-07T13:30:21+00:00\",\"description\":\"Is m\u00f3r againn do phr\u00edobh\u00e1ideachas agus nuair a bh\u00edonn baint againn len\u00e1r su\u00edomh Gr\u00e9as\u00e1in, t\u00e1 meas agus luach againn ar do phr\u00edobh\u00e1ideachas.\",\"breadcrumb\":{\"@id\":\"https:\\\/\\\/rivershannongroup.ie\\\/ga\\\/privacy-policy\\\/#breadcrumb\"},\"inLanguage\":\"en-US\",\"potentialAction\":[{\"@type\":\"ReadAction\",\"target\":[\"https:\\\/\\\/rivershannongroup.ie\\\/ga\\\/privacy-policy\\\/\"]}]},{\"@type\":\"BreadcrumbList\",\"@id\":\"https:\\\/\\\/rivershannongroup.ie\\\/ga\\\/privacy-policy\\\/#breadcrumb\",\"itemListElement\":[{\"@type\":\"ListItem\",\"position\":1,\"name\":\"Home\",\"item\":\"https:\\\/\\\/rivershannongroup.ie\\\/ga\\\/\"},{\"@type\":\"ListItem\",\"position\":2,\"name\":\"Beartas Pr\u00edobh\u00e1ideachais\"}]},{\"@type\":\"WebSite\",\"@id\":\"https:\\\/\\\/rivershannongroup.ie\\\/ga\\\/#website\",\"url\":\"https:\\\/\\\/rivershannongroup.ie\\\/ga\\\/\",\"name\":\"Shannon Flood Risk\",\"description\":\"\",\"potentialAction\":[{\"@type\":\"SearchAction\",\"target\":{\"@type\":\"EntryPoint\",\"urlTemplate\":\"https:\\\/\\\/rivershannongroup.ie\\\/ga\\\/?s={search_term_string}\"},\"query-input\":{\"@type\":\"PropertyValueSpecification\",\"valueRequired\":true,\"valueName\":\"search_term_string\"}}],\"inLanguage\":\"en-US\"}]}<\/script>\n<!-- \/ Yoast SEO plugin. -->","yoast_head_json":{"title":"Beartas Pr\u00edobh\u00e1ideachais - Shannon Flood Risk","description":"Is m\u00f3r againn do phr\u00edobh\u00e1ideachas agus nuair a bh\u00edonn baint againn len\u00e1r su\u00edomh Gr\u00e9as\u00e1in, t\u00e1 meas agus luach againn ar do phr\u00edobh\u00e1ideachas.","robots":{"index":"index","follow":"follow","max-snippet":"max-snippet:-1","max-image-preview":"max-image-preview:large","max-video-preview":"max-video-preview:-1"},"canonical":"https:\/\/rivershannongroup.ie\/ga\/privacy-policy\/","og_locale":"en_US","og_type":"article","og_title":"Beartas Pr\u00edobh\u00e1ideachais - Shannon Flood Risk","og_description":"Is m\u00f3r againn do phr\u00edobh\u00e1ideachas agus nuair a bh\u00edonn baint againn len\u00e1r su\u00edomh Gr\u00e9as\u00e1in, t\u00e1 meas agus luach againn ar do phr\u00edobh\u00e1ideachas.","og_url":"https:\/\/rivershannongroup.ie\/ga\/privacy-policy\/","og_site_name":"Shannon Flood Risk","article_modified_time":"2025-05-07T13:30:21+00:00","twitter_card":"summary_large_image","twitter_misc":{"Est. reading time":"2 minutes"},"schema":{"@context":"https:\/\/schema.org","@graph":[{"@type":"WebPage","@id":"https:\/\/rivershannongroup.ie\/ga\/privacy-policy\/","url":"https:\/\/rivershannongroup.ie\/ga\/privacy-policy\/","name":"Beartas Pr\u00edobh\u00e1ideachais - Shannon Flood Risk","isPartOf":{"@id":"https:\/\/rivershannongroup.ie\/ga\/#website"},"datePublished":"2023-10-31T14:14:53+00:00","dateModified":"2025-05-07T13:30:21+00:00","description":"Is m\u00f3r againn do phr\u00edobh\u00e1ideachas agus nuair a bh\u00edonn baint againn len\u00e1r su\u00edomh Gr\u00e9as\u00e1in, t\u00e1 meas agus luach againn ar do phr\u00edobh\u00e1ideachas.","breadcrumb":{"@id":"https:\/\/rivershannongroup.ie\/ga\/privacy-policy\/#breadcrumb"},"inLanguage":"en-US","potentialAction":[{"@type":"ReadAction","target":["https:\/\/rivershannongroup.ie\/ga\/privacy-policy\/"]}]},{"@type":"BreadcrumbList","@id":"https:\/\/rivershannongroup.ie\/ga\/privacy-policy\/#breadcrumb","itemListElement":[{"@type":"ListItem","position":1,"name":"Home","item":"https:\/\/rivershannongroup.ie\/ga\/"},{"@type":"ListItem","position":2,"name":"Beartas Pr\u00edobh\u00e1ideachais"}]},{"@type":"WebSite","@id":"https:\/\/rivershannongroup.ie\/ga\/#website","url":"https:\/\/rivershannongroup.ie\/ga\/","name":"Shannon Flood Risk","description":"","potentialAction":[{"@type":"SearchAction","target":{"@type":"EntryPoint","urlTemplate":"https:\/\/rivershannongroup.ie\/ga\/?s={search_term_string}"},"query-input":{"@type":"PropertyValueSpecification","valueRequired":true,"valueName":"search_term_string"}}],"inLanguage":"en-US"}]}},"_links":{"self":[{"href":"https:\/\/rivershannongroup.ie\/ga\/wp-json\/wp\/v2\/pages\/3","targetHints":{"allow":["GET"]}}],"collection":[{"href":"https:\/\/rivershannongroup.ie\/ga\/wp-json\/wp\/v2\/pages"}],"about":[{"href":"https:\/\/rivershannongroup.ie\/ga\/wp-json\/wp\/v2\/types\/page"}],"author":[{"embeddable":true,"href":"https:\/\/rivershannongroup.ie\/ga\/wp-json\/wp\/v2\/users\/1"}],"replies":[{"embeddable":true,"href":"https:\/\/rivershannongroup.ie\/ga\/wp-json\/wp\/v2\/comments?post=3"}],"version-history":[{"count":17,"href":"https:\/\/rivershannongroup.ie\/ga\/wp-json\/wp\/v2\/pages\/3\/revisions"}],"predecessor-version":[{"id":1807,"href":"https:\/\/rivershannongroup.ie\/ga\/wp-json\/wp\/v2\/pages\/3\/revisions\/1807"}],"wp:attachment":[{"href":"https:\/\/rivershannongroup.ie\/ga\/wp-json\/wp\/v2\/media?parent=3"}],"curies":[{"name":"wp","href":"https:\/\/api.w.org\/{rel}","templated":true}]}}