{"id":303,"date":"2023-11-15T10:45:15","date_gmt":"2023-11-15T10:45:15","guid":{"rendered":"https:\/\/polly.dmacmedia.ie\/rivershannongroup.ie\/?page_id=303"},"modified":"2025-05-07T13:21:24","modified_gmt":"2025-05-07T13:21:24","slug":"contact-us","status":"publish","type":"page","link":"https:\/\/rivershannongroup.ie\/ga\/contact-us\/","title":{"rendered":"Teagmh\u00e1il"},"content":{"rendered":"\t\t<div data-elementor-type=\"wp-page\" data-elementor-id=\"303\" class=\"elementor elementor-303\">\n\t\t\t\t\t\t<section class=\"elementor-section elementor-top-section elementor-element elementor-element-9846f23 elementor-section-boxed elementor-section-height-default elementor-section-height-default\" data-id=\"9846f23\" data-element_type=\"section\" data-e-type=\"section\">\n\t\t\t\t\t\t<div class=\"elementor-container elementor-column-gap-default\">\n\t\t\t\t\t<div class=\"elementor-column elementor-col-50 elementor-top-column elementor-element elementor-element-e78f3dd\" data-id=\"e78f3dd\" data-element_type=\"column\" data-e-type=\"column\">\n\t\t\t<div class=\"elementor-widget-wrap elementor-element-populated\">\n\t\t\t\t\t\t<div class=\"elementor-element elementor-element-8355b33 elementor-widget elementor-widget-text-editor\" data-id=\"8355b33\" data-element_type=\"widget\" data-e-type=\"widget\" data-widget_type=\"text-editor.default\">\n\t\t\t\t<div class=\"elementor-widget-container\">\n\t\t\t\t\t\t\t\t\t<h1 class=\"yellow-underline\">D\u00e9an Teagmh\u00e1il Linn<\/h1>\t\t\t\t\t\t\t\t<\/div>\n\t\t\t\t<\/div>\n\t\t\t\t<div class=\"elementor-element elementor-element-055686c elementor-widget elementor-widget-shortcode\" data-id=\"055686c\" data-element_type=\"widget\" data-e-type=\"widget\" data-widget_type=\"shortcode.default\">\n\t\t\t\t<div class=\"elementor-widget-container\">\n\t\t\t\t\t\t\t<div class=\"elementor-shortcode\">\n<div class=\"wpcf7 no-js\" id=\"wpcf7-f305-o1\" lang=\"en-US\" dir=\"ltr\" data-wpcf7-id=\"305\">\n<div class=\"screen-reader-response\"><p role=\"status\" aria-live=\"polite\" aria-atomic=\"true\"><\/p> <ul><\/ul><\/div>\n<form action=\"\/ga\/wp-json\/wp\/v2\/pages\/303#wpcf7-f305-o1\" method=\"post\" class=\"wpcf7-form init\" aria-label=\"Contact form\" novalidate=\"novalidate\" data-status=\"init\">\n<fieldset class=\"hidden-fields-container\"><input type=\"hidden\" name=\"_wpcf7\" value=\"305\" \/><input type=\"hidden\" name=\"_wpcf7_version\" value=\"6.1.5\" \/><input type=\"hidden\" name=\"_wpcf7_locale\" value=\"en_US\" \/><input type=\"hidden\" name=\"_wpcf7_unit_tag\" value=\"wpcf7-f305-o1\" \/><input type=\"hidden\" name=\"_wpcf7_container_post\" value=\"0\" \/><input type=\"hidden\" name=\"_wpcf7_posted_data_hash\" value=\"\" \/>\n<\/fieldset>\n<div class=\"custom_contact_form\">\n\t<h2 class=\"yellow-underline\">D\u00e9an Teagmh\u00e1il Linn\n\t<\/h2>\n\t<p><label> Ainm:*<br \/>\n<span class=\"wpcf7-form-control-wrap\" data-name=\"your-name\"><input size=\"40\" maxlength=\"400\" class=\"wpcf7-form-control wpcf7-text wpcf7-validates-as-required\" autocomplete=\"name\" aria-required=\"true\" aria-invalid=\"false\" value=\"\" type=\"text\" name=\"your-name\" \/><\/span> <\/label>\n\t<\/p>\n\t<p><label> Do sheoladh r\u00edomhphoist:*<br \/>\n<span class=\"wpcf7-form-control-wrap\" data-name=\"your-email\"><input size=\"40\" maxlength=\"400\" class=\"wpcf7-form-control wpcf7-email wpcf7-validates-as-required wpcf7-text wpcf7-validates-as-email\" autocomplete=\"email\" aria-required=\"true\" aria-invalid=\"false\" value=\"\" type=\"email\" name=\"your-email\" \/><\/span> <\/label>\n\t<\/p>\n\t<p><label> \u00c1bhar:*<br \/>\n<span class=\"wpcf7-form-control-wrap\" data-name=\"your-subject\"><input size=\"40\" maxlength=\"400\" class=\"wpcf7-form-control wpcf7-text wpcf7-validates-as-required\" aria-required=\"true\" aria-invalid=\"false\" value=\"\" type=\"text\" name=\"your-subject\" \/><\/span> <\/label>\n\t<\/p>\n\t<p><label> Do theachtaireacht: (roghnach)<br \/>\n<span class=\"wpcf7-form-control-wrap\" data-name=\"your-message\"><textarea cols=\"40\" rows=\"10\" maxlength=\"2000\" class=\"wpcf7-form-control wpcf7-textarea\" aria-invalid=\"false\" name=\"your-message\"><\/textarea><\/span> <\/label>\n\t<\/p>\n\t<p><input class=\"wpcf7-form-control wpcf7-submit has-spinner\" type=\"submit\" value=\"Submit\" \/>\n\t<\/p>\n<\/div><div class=\"wpcf7-response-output\" aria-hidden=\"true\"><\/div>\n<\/form>\n<\/div>\n<\/div>\n\t\t\t\t\t\t<\/div>\n\t\t\t\t<\/div>\n\t\t\t\t\t<\/div>\n\t\t<\/div>\n\t\t\t\t<div class=\"elementor-column elementor-col-50 elementor-top-column elementor-element elementor-element-615ccd9\" data-id=\"615ccd9\" data-element_type=\"column\" data-e-type=\"column\">\n\t\t\t<div class=\"elementor-widget-wrap\">\n\t\t\t\t\t\t\t<\/div>\n\t\t<\/div>\n\t\t\t\t\t<\/div>\n\t\t<\/section>\n\t\t\t\t<\/div>\n\t\t","protected":false},"excerpt":{"rendered":"<p>D\u00e9an Teagmh\u00e1il Linn<\/p>\n","protected":false},"author":1,"featured_media":0,"parent":0,"menu_order":0,"comment_status":"closed","ping_status":"closed","template":"","meta":{"footnotes":""},"class_list":["post-303","page","type-page","status-publish","hentry","entry"],"yoast_head":"<!-- This site is optimized with the Yoast SEO plugin v27.5 - https:\/\/yoast.com\/product\/yoast-seo-wordpress\/ -->\n<title>Teagmh\u00e1il - Shannon Flood Risk<\/title>\n<meta name=\"description\" content=\"D\u00e9an teagmh\u00e1il le Gr\u00fapa na Sionainne inniu tr\u00ed raon modhanna teagmh\u00e1la. Faigh amach na beala\u00ed go l\u00e9ir chun teagmh\u00e1il a dh\u00e9anamh linn ar line\" \/>\n<meta name=\"robots\" content=\"index, follow, max-snippet:-1, max-image-preview:large, max-video-preview:-1\" \/>\n<link rel=\"canonical\" href=\"https:\/\/rivershannongroup.ie\/ga\/contact-us\/\" \/>\n<meta property=\"og:locale\" content=\"en_US\" \/>\n<meta property=\"og:type\" content=\"article\" \/>\n<meta property=\"og:title\" content=\"Teagmh\u00e1il - Shannon Flood Risk\" \/>\n<meta property=\"og:description\" content=\"D\u00e9an teagmh\u00e1il le Gr\u00fapa na Sionainne inniu tr\u00ed raon modhanna teagmh\u00e1la. Faigh amach na beala\u00ed go l\u00e9ir chun teagmh\u00e1il a dh\u00e9anamh linn ar line\" \/>\n<meta property=\"og:url\" content=\"https:\/\/rivershannongroup.ie\/ga\/contact-us\/\" \/>\n<meta property=\"og:site_name\" content=\"Shannon Flood Risk\" \/>\n<meta property=\"article:modified_time\" content=\"2025-05-07T13:21:24+00:00\" \/>\n<meta name=\"twitter:card\" content=\"summary_large_image\" \/>\n<meta name=\"twitter:label1\" content=\"Est. reading time\" \/>\n\t<meta name=\"twitter:data1\" content=\"1 minute\" \/>\n<script type=\"application\/ld+json\" class=\"yoast-schema-graph\">{\"@context\":\"https:\\\/\\\/schema.org\",\"@graph\":[{\"@type\":\"WebPage\",\"@id\":\"https:\\\/\\\/rivershannongroup.ie\\\/ga\\\/contact-us\\\/\",\"url\":\"https:\\\/\\\/rivershannongroup.ie\\\/ga\\\/contact-us\\\/\",\"name\":\"Teagmh\u00e1il - Shannon Flood Risk\",\"isPartOf\":{\"@id\":\"https:\\\/\\\/rivershannongroup.ie\\\/ga\\\/#website\"},\"datePublished\":\"2023-11-15T10:45:15+00:00\",\"dateModified\":\"2025-05-07T13:21:24+00:00\",\"description\":\"D\u00e9an teagmh\u00e1il le Gr\u00fapa na Sionainne inniu tr\u00ed raon modhanna teagmh\u00e1la. Faigh amach na beala\u00ed go l\u00e9ir chun teagmh\u00e1il a dh\u00e9anamh linn ar line\",\"breadcrumb\":{\"@id\":\"https:\\\/\\\/rivershannongroup.ie\\\/ga\\\/contact-us\\\/#breadcrumb\"},\"inLanguage\":\"en-US\",\"potentialAction\":[{\"@type\":\"ReadAction\",\"target\":[\"https:\\\/\\\/rivershannongroup.ie\\\/ga\\\/contact-us\\\/\"]}]},{\"@type\":\"BreadcrumbList\",\"@id\":\"https:\\\/\\\/rivershannongroup.ie\\\/ga\\\/contact-us\\\/#breadcrumb\",\"itemListElement\":[{\"@type\":\"ListItem\",\"position\":1,\"name\":\"Home\",\"item\":\"https:\\\/\\\/rivershannongroup.ie\\\/ga\\\/\"},{\"@type\":\"ListItem\",\"position\":2,\"name\":\"Teagmh\u00e1il\"}]},{\"@type\":\"WebSite\",\"@id\":\"https:\\\/\\\/rivershannongroup.ie\\\/ga\\\/#website\",\"url\":\"https:\\\/\\\/rivershannongroup.ie\\\/ga\\\/\",\"name\":\"Shannon Flood Risk\",\"description\":\"\",\"potentialAction\":[{\"@type\":\"SearchAction\",\"target\":{\"@type\":\"EntryPoint\",\"urlTemplate\":\"https:\\\/\\\/rivershannongroup.ie\\\/ga\\\/?s={search_term_string}\"},\"query-input\":{\"@type\":\"PropertyValueSpecification\",\"valueRequired\":true,\"valueName\":\"search_term_string\"}}],\"inLanguage\":\"en-US\"}]}<\/script>\n<!-- \/ Yoast SEO plugin. -->","yoast_head_json":{"title":"Teagmh\u00e1il - Shannon Flood Risk","description":"D\u00e9an teagmh\u00e1il le Gr\u00fapa na Sionainne inniu tr\u00ed raon modhanna teagmh\u00e1la. Faigh amach na beala\u00ed go l\u00e9ir chun teagmh\u00e1il a dh\u00e9anamh linn ar line","robots":{"index":"index","follow":"follow","max-snippet":"max-snippet:-1","max-image-preview":"max-image-preview:large","max-video-preview":"max-video-preview:-1"},"canonical":"https:\/\/rivershannongroup.ie\/ga\/contact-us\/","og_locale":"en_US","og_type":"article","og_title":"Teagmh\u00e1il - Shannon Flood Risk","og_description":"D\u00e9an teagmh\u00e1il le Gr\u00fapa na Sionainne inniu tr\u00ed raon modhanna teagmh\u00e1la. Faigh amach na beala\u00ed go l\u00e9ir chun teagmh\u00e1il a dh\u00e9anamh linn ar line","og_url":"https:\/\/rivershannongroup.ie\/ga\/contact-us\/","og_site_name":"Shannon Flood Risk","article_modified_time":"2025-05-07T13:21:24+00:00","twitter_card":"summary_large_image","twitter_misc":{"Est. reading time":"1 minute"},"schema":{"@context":"https:\/\/schema.org","@graph":[{"@type":"WebPage","@id":"https:\/\/rivershannongroup.ie\/ga\/contact-us\/","url":"https:\/\/rivershannongroup.ie\/ga\/contact-us\/","name":"Teagmh\u00e1il - Shannon Flood Risk","isPartOf":{"@id":"https:\/\/rivershannongroup.ie\/ga\/#website"},"datePublished":"2023-11-15T10:45:15+00:00","dateModified":"2025-05-07T13:21:24+00:00","description":"D\u00e9an teagmh\u00e1il le Gr\u00fapa na Sionainne inniu tr\u00ed raon modhanna teagmh\u00e1la. Faigh amach na beala\u00ed go l\u00e9ir chun teagmh\u00e1il a dh\u00e9anamh linn ar line","breadcrumb":{"@id":"https:\/\/rivershannongroup.ie\/ga\/contact-us\/#breadcrumb"},"inLanguage":"en-US","potentialAction":[{"@type":"ReadAction","target":["https:\/\/rivershannongroup.ie\/ga\/contact-us\/"]}]},{"@type":"BreadcrumbList","@id":"https:\/\/rivershannongroup.ie\/ga\/contact-us\/#breadcrumb","itemListElement":[{"@type":"ListItem","position":1,"name":"Home","item":"https:\/\/rivershannongroup.ie\/ga\/"},{"@type":"ListItem","position":2,"name":"Teagmh\u00e1il"}]},{"@type":"WebSite","@id":"https:\/\/rivershannongroup.ie\/ga\/#website","url":"https:\/\/rivershannongroup.ie\/ga\/","name":"Shannon Flood Risk","description":"","potentialAction":[{"@type":"SearchAction","target":{"@type":"EntryPoint","urlTemplate":"https:\/\/rivershannongroup.ie\/ga\/?s={search_term_string}"},"query-input":{"@type":"PropertyValueSpecification","valueRequired":true,"valueName":"search_term_string"}}],"inLanguage":"en-US"}]}},"_links":{"self":[{"href":"https:\/\/rivershannongroup.ie\/ga\/wp-json\/wp\/v2\/pages\/303","targetHints":{"allow":["GET"]}}],"collection":[{"href":"https:\/\/rivershannongroup.ie\/ga\/wp-json\/wp\/v2\/pages"}],"about":[{"href":"https:\/\/rivershannongroup.ie\/ga\/wp-json\/wp\/v2\/types\/page"}],"author":[{"embeddable":true,"href":"https:\/\/rivershannongroup.ie\/ga\/wp-json\/wp\/v2\/users\/1"}],"replies":[{"embeddable":true,"href":"https:\/\/rivershannongroup.ie\/ga\/wp-json\/wp\/v2\/comments?post=303"}],"version-history":[{"count":14,"href":"https:\/\/rivershannongroup.ie\/ga\/wp-json\/wp\/v2\/pages\/303\/revisions"}],"predecessor-version":[{"id":1849,"href":"https:\/\/rivershannongroup.ie\/ga\/wp-json\/wp\/v2\/pages\/303\/revisions\/1849"}],"wp:attachment":[{"href":"https:\/\/rivershannongroup.ie\/ga\/wp-json\/wp\/v2\/media?parent=303"}],"curies":[{"name":"wp","href":"https:\/\/api.w.org\/{rel}","templated":true}]}}