{"id":352,"date":"2023-11-16T16:41:47","date_gmt":"2023-11-16T16:41:47","guid":{"rendered":"https:\/\/rivershannongroup.ie\/?page_id=352"},"modified":"2025-08-13T16:13:44","modified_gmt":"2025-08-13T16:13:44","slug":"what-we-do","status":"publish","type":"page","link":"https:\/\/rivershannongroup.ie\/ga\/what-we-do\/","title":{"rendered":"Cad a Dh\u00e9anaimid"},"content":{"rendered":"\t\t<div data-elementor-type=\"wp-page\" data-elementor-id=\"352\" class=\"elementor elementor-352\">\n\t\t\t\t\t\t<section class=\"elementor-section elementor-top-section elementor-element elementor-element-ac40fa5 elementor-section-boxed elementor-section-height-default elementor-section-height-default\" data-id=\"ac40fa5\" data-element_type=\"section\" data-e-type=\"section\">\n\t\t\t\t\t\t<div class=\"elementor-container elementor-column-gap-default\">\n\t\t\t\t\t<div class=\"elementor-column elementor-col-100 elementor-top-column elementor-element elementor-element-6cf44a6\" data-id=\"6cf44a6\" data-element_type=\"column\" data-e-type=\"column\">\n\t\t\t<div class=\"elementor-widget-wrap elementor-element-populated\">\n\t\t\t\t\t\t<div class=\"elementor-element elementor-element-e49a205 elementor-widget elementor-widget-shortcode\" data-id=\"e49a205\" data-element_type=\"widget\" data-e-type=\"widget\" data-widget_type=\"shortcode.default\">\n\t\t\t\t<div class=\"elementor-widget-container\">\n\t\t\t\t\t\t\t<div class=\"elementor-shortcode\"><\/div>\n\t\t\t\t\t\t<\/div>\n\t\t\t\t<\/div>\n\t\t\t\t\t<\/div>\n\t\t<\/div>\n\t\t\t\t\t<\/div>\n\t\t<\/section>\n\t\t\t\t<section class=\"elementor-section elementor-top-section elementor-element elementor-element-b70b9c1 elementor-section-boxed elementor-section-height-default elementor-section-height-default elementor-invisible\" data-id=\"b70b9c1\" data-element_type=\"section\" data-e-type=\"section\" data-settings=\"{&quot;animation&quot;:&quot;fadeIn&quot;}\">\n\t\t\t\t\t\t<div class=\"elementor-container elementor-column-gap-default\">\n\t\t\t\t\t<div class=\"elementor-column elementor-col-100 elementor-top-column elementor-element elementor-element-ef06ba0\" data-id=\"ef06ba0\" data-element_type=\"column\" data-e-type=\"column\">\n\t\t\t<div class=\"elementor-widget-wrap elementor-element-populated\">\n\t\t\t\t\t\t<div class=\"elementor-element elementor-element-770f245 elementor-widget elementor-widget-image_links\" data-id=\"770f245\" data-element_type=\"widget\" data-e-type=\"widget\" data-widget_type=\"image_links.default\">\n\t\t\t\t<div class=\"elementor-widget-container\">\n\t\t\t\t\t\t\t<div class=\"elementor-image-links\">\n\t\t\t\n\t\t\t\t\t\t\t<div class=\"image-link\" style=\"background-image:url('https:\/\/rivershannongroup.ie\/ga\/wp-content\/uploads\/2023\/11\/Image-Button-1-Walkway-wide-angle.jpg');\">\n\t\t\t\t\t<a href=\"https:\/\/rivershannongroup.ie\/ga\/roles-and-responsibilities\/\">R\u00f3il agus Freagrachta\u00ed<\/a>\n\t\t\t\t<\/div>\n\t\t\t\t\t\t\t<div class=\"image-link\" style=\"background-image:url('https:\/\/rivershannongroup.ie\/ga\/wp-content\/uploads\/2023\/11\/Image-Button-4-Walkway-over-river.jpg');\">\n\t\t\t\t\t<a href=\"https:\/\/rivershannongroup.ie\/ga\/flood-relief-schemes\/\">Sc\u00e9imeanna Faoisimh Tuile<\/a>\n\t\t\t\t<\/div>\n\t\t\t\t\t\t\t<div class=\"image-link\" style=\"background-image:url('https:\/\/rivershannongroup.ie\/ga\/wp-content\/uploads\/2023\/11\/Image-Button-2-Small-Rapids.jpg');\">\n\t\t\t\t\t<a href=\"https:\/\/rivershannongroup.ie\/ga\/work-programme-and-maintenance\/\">Cl\u00e1r Oibre agus Cothabh\u00e1il<\/a>\n\t\t\t\t<\/div>\n\t\t\t\t\t\t\t<div class=\"image-link\" style=\"background-image:url('https:\/\/rivershannongroup.ie\/ga\/wp-content\/uploads\/2023\/11\/Image-button-6-River-Sunset.jpg');\">\n\t\t\t\t\t<a href=\"https:\/\/rivershannongroup.ie\/ga\/faqs\/\">Ceisteanna Coitianta<\/a>\n\t\t\t\t<\/div>\n\t\t\t\t\t<\/div>\n\n\t\t\n\t\t\t\t\t\t<\/div>\n\t\t\t\t<\/div>\n\t\t\t\t\t<\/div>\n\t\t<\/div>\n\t\t\t\t\t<\/div>\n\t\t<\/section>\n\t\t\t\t<\/div>\n\t\t","protected":false},"excerpt":{"rendered":"<p>R\u00f3il agus Freagrachta\u00ed Sc\u00e9imeanna Faoisimh Tuile Cl\u00e1r Oibre agus Cothabh\u00e1il Ceisteanna Coitianta<\/p>\n","protected":false},"author":1,"featured_media":813,"parent":0,"menu_order":0,"comment_status":"closed","ping_status":"closed","template":"","meta":{"footnotes":""},"class_list":["post-352","page","type-page","status-publish","has-post-thumbnail","hentry","entry"],"yoast_head":"<!-- This site is optimized with the Yoast SEO plugin v27.5 - https:\/\/yoast.com\/product\/yoast-seo-wordpress\/ -->\n<title>Cad a Dh\u00e9anaimid - Shannon Flood Risk<\/title>\n<meta name=\"description\" content=\"Bhunaigh an Rialtas Meitheal Comhordaithe Ghn\u00edomhaireacht St\u00e1it Riosca Tuile na Sionainne, a bhfuil OOP mar chathaoirleach air, in 2016.\" \/>\n<meta name=\"robots\" content=\"index, follow, max-snippet:-1, max-image-preview:large, max-video-preview:-1\" \/>\n<link rel=\"canonical\" href=\"https:\/\/rivershannongroup.ie\/ga\/what-we-do\/\" \/>\n<meta property=\"og:locale\" content=\"en_US\" \/>\n<meta property=\"og:type\" content=\"article\" \/>\n<meta property=\"og:title\" content=\"Cad a Dh\u00e9anaimid - Shannon Flood Risk\" \/>\n<meta property=\"og:description\" content=\"Bhunaigh an Rialtas Meitheal Comhordaithe Ghn\u00edomhaireacht St\u00e1it Riosca Tuile na Sionainne, a bhfuil OOP mar chathaoirleach air, in 2016.\" \/>\n<meta property=\"og:url\" content=\"https:\/\/rivershannongroup.ie\/ga\/what-we-do\/\" \/>\n<meta property=\"og:site_name\" content=\"Shannon Flood Risk\" \/>\n<meta property=\"article:modified_time\" content=\"2025-08-13T16:13:44+00:00\" \/>\n<meta property=\"og:image\" content=\"https:\/\/rivershannongroup.ie\/ga\/wp-content\/uploads\/2023\/11\/Bridge-aerial-view-Banner.jpg\" \/>\n\t<meta property=\"og:image:width\" content=\"1920\" \/>\n\t<meta property=\"og:image:height\" content=\"400\" \/>\n\t<meta property=\"og:image:type\" content=\"image\/jpeg\" \/>\n<meta name=\"twitter:card\" content=\"summary_large_image\" \/>\n<meta name=\"twitter:label1\" content=\"Est. reading time\" \/>\n\t<meta name=\"twitter:data1\" content=\"1 minute\" \/>\n<script type=\"application\/ld+json\" class=\"yoast-schema-graph\">{\"@context\":\"https:\\\/\\\/schema.org\",\"@graph\":[{\"@type\":\"WebPage\",\"@id\":\"https:\\\/\\\/rivershannongroup.ie\\\/ga\\\/what-we-do\\\/\",\"url\":\"https:\\\/\\\/rivershannongroup.ie\\\/ga\\\/what-we-do\\\/\",\"name\":\"Cad a Dh\u00e9anaimid - Shannon Flood Risk\",\"isPartOf\":{\"@id\":\"https:\\\/\\\/rivershannongroup.ie\\\/ga\\\/#website\"},\"primaryImageOfPage\":{\"@id\":\"https:\\\/\\\/rivershannongroup.ie\\\/ga\\\/what-we-do\\\/#primaryimage\"},\"image\":{\"@id\":\"https:\\\/\\\/rivershannongroup.ie\\\/ga\\\/what-we-do\\\/#primaryimage\"},\"thumbnailUrl\":\"https:\\\/\\\/rivershannongroup.ie\\\/ga\\\/wp-content\\\/uploads\\\/2023\\\/11\\\/Bridge-aerial-view-Banner.jpg\",\"datePublished\":\"2023-11-16T16:41:47+00:00\",\"dateModified\":\"2025-08-13T16:13:44+00:00\",\"description\":\"Bhunaigh an Rialtas Meitheal Comhordaithe Ghn\u00edomhaireacht St\u00e1it Riosca Tuile na Sionainne, a bhfuil OOP mar chathaoirleach air, in 2016.\",\"breadcrumb\":{\"@id\":\"https:\\\/\\\/rivershannongroup.ie\\\/ga\\\/what-we-do\\\/#breadcrumb\"},\"inLanguage\":\"en-US\",\"potentialAction\":[{\"@type\":\"ReadAction\",\"target\":[\"https:\\\/\\\/rivershannongroup.ie\\\/ga\\\/what-we-do\\\/\"]}]},{\"@type\":\"ImageObject\",\"inLanguage\":\"en-US\",\"@id\":\"https:\\\/\\\/rivershannongroup.ie\\\/ga\\\/what-we-do\\\/#primaryimage\",\"url\":\"https:\\\/\\\/rivershannongroup.ie\\\/ga\\\/wp-content\\\/uploads\\\/2023\\\/11\\\/Bridge-aerial-view-Banner.jpg\",\"contentUrl\":\"https:\\\/\\\/rivershannongroup.ie\\\/ga\\\/wp-content\\\/uploads\\\/2023\\\/11\\\/Bridge-aerial-view-Banner.jpg\",\"width\":1920,\"height\":400,\"caption\":\"Bridge over river shannon\"},{\"@type\":\"BreadcrumbList\",\"@id\":\"https:\\\/\\\/rivershannongroup.ie\\\/ga\\\/what-we-do\\\/#breadcrumb\",\"itemListElement\":[{\"@type\":\"ListItem\",\"position\":1,\"name\":\"Home\",\"item\":\"https:\\\/\\\/rivershannongroup.ie\\\/ga\\\/\"},{\"@type\":\"ListItem\",\"position\":2,\"name\":\"Cad a Dh\u00e9anaimid\"}]},{\"@type\":\"WebSite\",\"@id\":\"https:\\\/\\\/rivershannongroup.ie\\\/ga\\\/#website\",\"url\":\"https:\\\/\\\/rivershannongroup.ie\\\/ga\\\/\",\"name\":\"Shannon Flood Risk\",\"description\":\"\",\"potentialAction\":[{\"@type\":\"SearchAction\",\"target\":{\"@type\":\"EntryPoint\",\"urlTemplate\":\"https:\\\/\\\/rivershannongroup.ie\\\/ga\\\/?s={search_term_string}\"},\"query-input\":{\"@type\":\"PropertyValueSpecification\",\"valueRequired\":true,\"valueName\":\"search_term_string\"}}],\"inLanguage\":\"en-US\"}]}<\/script>\n<!-- \/ Yoast SEO plugin. -->","yoast_head_json":{"title":"Cad a Dh\u00e9anaimid - Shannon Flood Risk","description":"Bhunaigh an Rialtas Meitheal Comhordaithe Ghn\u00edomhaireacht St\u00e1it Riosca Tuile na Sionainne, a bhfuil OOP mar chathaoirleach air, in 2016.","robots":{"index":"index","follow":"follow","max-snippet":"max-snippet:-1","max-image-preview":"max-image-preview:large","max-video-preview":"max-video-preview:-1"},"canonical":"https:\/\/rivershannongroup.ie\/ga\/what-we-do\/","og_locale":"en_US","og_type":"article","og_title":"Cad a Dh\u00e9anaimid - Shannon Flood Risk","og_description":"Bhunaigh an Rialtas Meitheal Comhordaithe Ghn\u00edomhaireacht St\u00e1it Riosca Tuile na Sionainne, a bhfuil OOP mar chathaoirleach air, in 2016.","og_url":"https:\/\/rivershannongroup.ie\/ga\/what-we-do\/","og_site_name":"Shannon Flood Risk","article_modified_time":"2025-08-13T16:13:44+00:00","og_image":[{"width":1920,"height":400,"url":"https:\/\/rivershannongroup.ie\/ga\/wp-content\/uploads\/2023\/11\/Bridge-aerial-view-Banner.jpg","type":"image\/jpeg"}],"twitter_card":"summary_large_image","twitter_misc":{"Est. reading time":"1 minute"},"schema":{"@context":"https:\/\/schema.org","@graph":[{"@type":"WebPage","@id":"https:\/\/rivershannongroup.ie\/ga\/what-we-do\/","url":"https:\/\/rivershannongroup.ie\/ga\/what-we-do\/","name":"Cad a Dh\u00e9anaimid - Shannon Flood Risk","isPartOf":{"@id":"https:\/\/rivershannongroup.ie\/ga\/#website"},"primaryImageOfPage":{"@id":"https:\/\/rivershannongroup.ie\/ga\/what-we-do\/#primaryimage"},"image":{"@id":"https:\/\/rivershannongroup.ie\/ga\/what-we-do\/#primaryimage"},"thumbnailUrl":"https:\/\/rivershannongroup.ie\/ga\/wp-content\/uploads\/2023\/11\/Bridge-aerial-view-Banner.jpg","datePublished":"2023-11-16T16:41:47+00:00","dateModified":"2025-08-13T16:13:44+00:00","description":"Bhunaigh an Rialtas Meitheal Comhordaithe Ghn\u00edomhaireacht St\u00e1it Riosca Tuile na Sionainne, a bhfuil OOP mar chathaoirleach air, in 2016.","breadcrumb":{"@id":"https:\/\/rivershannongroup.ie\/ga\/what-we-do\/#breadcrumb"},"inLanguage":"en-US","potentialAction":[{"@type":"ReadAction","target":["https:\/\/rivershannongroup.ie\/ga\/what-we-do\/"]}]},{"@type":"ImageObject","inLanguage":"en-US","@id":"https:\/\/rivershannongroup.ie\/ga\/what-we-do\/#primaryimage","url":"https:\/\/rivershannongroup.ie\/ga\/wp-content\/uploads\/2023\/11\/Bridge-aerial-view-Banner.jpg","contentUrl":"https:\/\/rivershannongroup.ie\/ga\/wp-content\/uploads\/2023\/11\/Bridge-aerial-view-Banner.jpg","width":1920,"height":400,"caption":"Bridge over river shannon"},{"@type":"BreadcrumbList","@id":"https:\/\/rivershannongroup.ie\/ga\/what-we-do\/#breadcrumb","itemListElement":[{"@type":"ListItem","position":1,"name":"Home","item":"https:\/\/rivershannongroup.ie\/ga\/"},{"@type":"ListItem","position":2,"name":"Cad a Dh\u00e9anaimid"}]},{"@type":"WebSite","@id":"https:\/\/rivershannongroup.ie\/ga\/#website","url":"https:\/\/rivershannongroup.ie\/ga\/","name":"Shannon Flood Risk","description":"","potentialAction":[{"@type":"SearchAction","target":{"@type":"EntryPoint","urlTemplate":"https:\/\/rivershannongroup.ie\/ga\/?s={search_term_string}"},"query-input":{"@type":"PropertyValueSpecification","valueRequired":true,"valueName":"search_term_string"}}],"inLanguage":"en-US"}]}},"_links":{"self":[{"href":"https:\/\/rivershannongroup.ie\/ga\/wp-json\/wp\/v2\/pages\/352","targetHints":{"allow":["GET"]}}],"collection":[{"href":"https:\/\/rivershannongroup.ie\/ga\/wp-json\/wp\/v2\/pages"}],"about":[{"href":"https:\/\/rivershannongroup.ie\/ga\/wp-json\/wp\/v2\/types\/page"}],"author":[{"embeddable":true,"href":"https:\/\/rivershannongroup.ie\/ga\/wp-json\/wp\/v2\/users\/1"}],"replies":[{"embeddable":true,"href":"https:\/\/rivershannongroup.ie\/ga\/wp-json\/wp\/v2\/comments?post=352"}],"version-history":[{"count":42,"href":"https:\/\/rivershannongroup.ie\/ga\/wp-json\/wp\/v2\/pages\/352\/revisions"}],"predecessor-version":[{"id":1873,"href":"https:\/\/rivershannongroup.ie\/ga\/wp-json\/wp\/v2\/pages\/352\/revisions\/1873"}],"wp:featuredmedia":[{"embeddable":true,"href":"https:\/\/rivershannongroup.ie\/ga\/wp-json\/wp\/v2\/media\/813"}],"wp:attachment":[{"href":"https:\/\/rivershannongroup.ie\/ga\/wp-json\/wp\/v2\/media?parent=352"}],"curies":[{"name":"wp","href":"https:\/\/api.w.org\/{rel}","templated":true}]}}