{"id":354,"date":"2023-11-16T16:42:29","date_gmt":"2023-11-16T16:42:29","guid":{"rendered":"https:\/\/rivershannongroup.ie\/?page_id=354"},"modified":"2025-05-07T13:29:27","modified_gmt":"2025-05-07T13:29:27","slug":"members","status":"publish","type":"page","link":"https:\/\/rivershannongroup.ie\/ga\/members\/","title":{"rendered":"Comhalta\u00ed"},"content":{"rendered":"\t\t<div data-elementor-type=\"wp-page\" data-elementor-id=\"354\" class=\"elementor elementor-354\">\n\t\t\t\t\t\t<section class=\"elementor-section elementor-top-section elementor-element elementor-element-893b322 elementor-section-boxed elementor-section-height-default elementor-section-height-default\" data-id=\"893b322\" data-element_type=\"section\" data-e-type=\"section\">\n\t\t\t\t\t\t<div class=\"elementor-container elementor-column-gap-default\">\n\t\t\t\t\t<div class=\"elementor-column elementor-col-100 elementor-top-column elementor-element elementor-element-306ecd0\" data-id=\"306ecd0\" data-element_type=\"column\" data-e-type=\"column\">\n\t\t\t<div class=\"elementor-widget-wrap elementor-element-populated\">\n\t\t\t\t\t\t<div class=\"elementor-element elementor-element-8ffa50c elementor-widget elementor-widget-shortcode\" data-id=\"8ffa50c\" data-element_type=\"widget\" data-e-type=\"widget\" data-widget_type=\"shortcode.default\">\n\t\t\t\t<div class=\"elementor-widget-container\">\n\t\t\t\t\t\t\t<div class=\"elementor-shortcode\"><\/div>\n\t\t\t\t\t\t<\/div>\n\t\t\t\t<\/div>\n\t\t\t\t\t<\/div>\n\t\t<\/div>\n\t\t\t\t\t<\/div>\n\t\t<\/section>\n\t\t\t\t<section class=\"elementor-section elementor-top-section elementor-element elementor-element-4f4d796 elementor-section-boxed elementor-section-height-default elementor-section-height-default\" data-id=\"4f4d796\" data-element_type=\"section\" data-e-type=\"section\">\n\t\t\t\t\t\t<div class=\"elementor-container elementor-column-gap-narrow\">\n\t\t\t\t\t<div class=\"elementor-column elementor-col-25 elementor-top-column elementor-element elementor-element-a9a1e3c\" data-id=\"a9a1e3c\" data-element_type=\"column\" data-e-type=\"column\">\n\t\t\t<div class=\"elementor-widget-wrap elementor-element-populated\">\n\t\t\t\t\t\t<div class=\"elementor-element elementor-element-ead9e22 elementor-position-top elementor-widget elementor-widget-image-box\" data-id=\"ead9e22\" data-element_type=\"widget\" data-e-type=\"widget\" data-widget_type=\"image-box.default\">\n\t\t\t\t<div class=\"elementor-widget-container\">\n\t\t\t\t\t<div class=\"elementor-image-box-wrapper\"><figure class=\"elementor-image-box-img\"><a href=\"http:\/\/www.opw.ie\" target=\"_blank\" tabindex=\"-1\"><img decoding=\"async\" width=\"280\" height=\"140\" src=\"https:\/\/rivershannongroup.ie\/ga\/wp-content\/uploads\/2023\/11\/OPW-280px.png\" class=\"attachment-full size-full wp-image-616\" alt=\"OPW Logo\" style=\"width:100%;height:50%;max-width:280px\" \/><\/a><\/figure><div class=\"elementor-image-box-content\"><p class=\"elementor-image-box-title\"><a href=\"http:\/\/www.opw.ie\" target=\"_blank\">Oifig na nOibreacha Poibl\u00ed<\/a><\/p><\/div><\/div>\t\t\t\t<\/div>\n\t\t\t\t<\/div>\n\t\t\t\t\t<\/div>\n\t\t<\/div>\n\t\t\t\t<div class=\"elementor-column elementor-col-25 elementor-top-column elementor-element elementor-element-6cb3594\" data-id=\"6cb3594\" data-element_type=\"column\" data-e-type=\"column\">\n\t\t\t<div class=\"elementor-widget-wrap elementor-element-populated\">\n\t\t\t\t\t\t<div class=\"elementor-element elementor-element-221ac1d elementor-position-top elementor-widget elementor-widget-image-box\" data-id=\"221ac1d\" data-element_type=\"widget\" data-e-type=\"widget\" data-widget_type=\"image-box.default\">\n\t\t\t\t<div class=\"elementor-widget-container\">\n\t\t\t\t\t<div class=\"elementor-image-box-wrapper\"><figure class=\"elementor-image-box-img\"><a href=\"https:\/\/www.fisheriesireland.ie\/\" target=\"_blank\" tabindex=\"-1\"><img decoding=\"async\" width=\"280\" height=\"140\" src=\"https:\/\/rivershannongroup.ie\/ga\/wp-content\/uploads\/2023\/11\/Inland-Fisheries-280px.png\" class=\"attachment-full size-full wp-image-617\" alt=\"Inland Fisheries Logo\" style=\"width:100%;height:50%;max-width:280px\" \/><\/a><\/figure><div class=\"elementor-image-box-content\"><p class=\"elementor-image-box-title\"><a href=\"https:\/\/www.fisheriesireland.ie\/\" target=\"_blank\">Iascach Int\u00edre \u00c9ireann<\/a><\/p><\/div><\/div>\t\t\t\t<\/div>\n\t\t\t\t<\/div>\n\t\t\t\t\t<\/div>\n\t\t<\/div>\n\t\t\t\t<div class=\"elementor-column elementor-col-25 elementor-top-column elementor-element elementor-element-3baf435\" data-id=\"3baf435\" data-element_type=\"column\" data-e-type=\"column\">\n\t\t\t<div class=\"elementor-widget-wrap elementor-element-populated\">\n\t\t\t\t\t\t<div class=\"elementor-element elementor-element-4297e58 elementor-position-top elementor-widget elementor-widget-image-box\" data-id=\"4297e58\" data-element_type=\"widget\" data-e-type=\"widget\" data-widget_type=\"image-box.default\">\n\t\t\t\t<div class=\"elementor-widget-container\">\n\t\t\t\t\t<div class=\"elementor-image-box-wrapper\"><figure class=\"elementor-image-box-img\"><a href=\"https:\/\/www.waterwaysireland.org\/\" target=\"_blank\" tabindex=\"-1\"><img decoding=\"async\" width=\"280\" height=\"140\" src=\"https:\/\/rivershannongroup.ie\/ga\/wp-content\/uploads\/2023\/11\/Waterways-Ireland-logo-280px.png\" class=\"attachment-full size-full wp-image-625\" alt=\"Waterways Ireland Logo\" style=\"width:100%;height:50%;max-width:280px\" \/><\/a><\/figure><div class=\"elementor-image-box-content\"><p class=\"elementor-image-box-title\"><a href=\"https:\/\/www.waterwaysireland.org\/\" target=\"_blank\">Uiscebheala\u00ed \u00c9ireann<\/a><\/p><\/div><\/div>\t\t\t\t<\/div>\n\t\t\t\t<\/div>\n\t\t\t\t\t<\/div>\n\t\t<\/div>\n\t\t\t\t<div class=\"elementor-column elementor-col-25 elementor-top-column elementor-element elementor-element-da1f2dc\" data-id=\"da1f2dc\" data-element_type=\"column\" data-e-type=\"column\">\n\t\t\t<div class=\"elementor-widget-wrap elementor-element-populated\">\n\t\t\t\t\t\t<div class=\"elementor-element elementor-element-1c9a9d1 elementor-position-top elementor-widget elementor-widget-image-box\" data-id=\"1c9a9d1\" data-element_type=\"widget\" data-e-type=\"widget\" data-widget_type=\"image-box.default\">\n\t\t\t\t<div class=\"elementor-widget-container\">\n\t\t\t\t\t<div class=\"elementor-image-box-wrapper\"><figure class=\"elementor-image-box-img\"><a href=\"https:\/\/www.water.ie\/\" target=\"_blank\" tabindex=\"-1\"><img loading=\"lazy\" decoding=\"async\" width=\"280\" height=\"140\" src=\"https:\/\/rivershannongroup.ie\/ga\/wp-content\/uploads\/2023\/11\/Uisce-Eireann-Logo-280px.png\" class=\"attachment-full size-full wp-image-622\" alt=\"Uisce Eireann logo\" style=\"width:100%;height:50%;max-width:280px\" \/><\/a><\/figure><div class=\"elementor-image-box-content\"><p class=\"elementor-image-box-title\"><a href=\"https:\/\/www.water.ie\/\" target=\"_blank\">Uisce \u00c9ireann <\/a><\/p><\/div><\/div>\t\t\t\t<\/div>\n\t\t\t\t<\/div>\n\t\t\t\t\t<\/div>\n\t\t<\/div>\n\t\t\t\t\t<\/div>\n\t\t<\/section>\n\t\t\t\t<section class=\"elementor-section elementor-top-section elementor-element elementor-element-daede1c elementor-section-boxed elementor-section-height-default elementor-section-height-default\" data-id=\"daede1c\" data-element_type=\"section\" data-e-type=\"section\">\n\t\t\t\t\t\t<div class=\"elementor-container elementor-column-gap-default\">\n\t\t\t\t\t<div class=\"elementor-column elementor-col-25 elementor-top-column elementor-element elementor-element-c4e2c0f\" data-id=\"c4e2c0f\" data-element_type=\"column\" data-e-type=\"column\">\n\t\t\t<div class=\"elementor-widget-wrap elementor-element-populated\">\n\t\t\t\t\t\t<div class=\"elementor-element elementor-element-c0bfb45 elementor-position-top elementor-widget elementor-widget-image-box\" data-id=\"c0bfb45\" data-element_type=\"widget\" data-e-type=\"widget\" data-widget_type=\"image-box.default\">\n\t\t\t\t<div class=\"elementor-widget-container\">\n\t\t\t\t\t<div class=\"elementor-image-box-wrapper\"><figure class=\"elementor-image-box-img\"><a href=\"https:\/\/esb.ie\/\" target=\"_blank\" tabindex=\"-1\"><img loading=\"lazy\" decoding=\"async\" width=\"280\" height=\"140\" src=\"https:\/\/rivershannongroup.ie\/ga\/wp-content\/uploads\/2023\/11\/ESB-Logo-280px.png\" class=\"attachment-full size-full wp-image-620\" alt=\"ESB Logo\" style=\"width:100%;height:50%;max-width:280px\" \/><\/a><\/figure><div class=\"elementor-image-box-content\"><p class=\"elementor-image-box-title\"><a href=\"https:\/\/esb.ie\/\" target=\"_blank\">Bhord Sol\u00e1thair an Leictreachais<\/a><\/p><\/div><\/div>\t\t\t\t<\/div>\n\t\t\t\t<\/div>\n\t\t\t\t\t<\/div>\n\t\t<\/div>\n\t\t\t\t<div class=\"elementor-column elementor-col-25 elementor-top-column elementor-element elementor-element-ff92d18\" data-id=\"ff92d18\" data-element_type=\"column\" data-e-type=\"column\">\n\t\t\t<div class=\"elementor-widget-wrap elementor-element-populated\">\n\t\t\t\t\t\t<div class=\"elementor-element elementor-element-aba5c42 elementor-position-top elementor-widget elementor-widget-image-box\" data-id=\"aba5c42\" data-element_type=\"widget\" data-e-type=\"widget\" data-widget_type=\"image-box.default\">\n\t\t\t\t<div class=\"elementor-widget-container\">\n\t\t\t\t\t<div class=\"elementor-image-box-wrapper\"><figure class=\"elementor-image-box-img\"><a href=\"https:\/\/www.bordnamona.ie\/\" target=\"_blank\" tabindex=\"-1\"><img loading=\"lazy\" decoding=\"async\" width=\"280\" height=\"140\" src=\"https:\/\/rivershannongroup.ie\/ga\/wp-content\/uploads\/2023\/11\/Born-NA-Mono-Logo-280.png\" class=\"attachment-full size-full wp-image-623\" alt=\"Bord na mona logo\" style=\"width:100%;height:50%;max-width:280px\" \/><\/a><\/figure><div class=\"elementor-image-box-content\"><p class=\"elementor-image-box-title\"><a href=\"https:\/\/www.bordnamona.ie\/\" target=\"_blank\">Bhord na M\u00f3na<\/a><\/p><\/div><\/div>\t\t\t\t<\/div>\n\t\t\t\t<\/div>\n\t\t\t\t\t<\/div>\n\t\t<\/div>\n\t\t\t\t<div class=\"elementor-column elementor-col-25 elementor-top-column elementor-element elementor-element-85bfeee\" data-id=\"85bfeee\" data-element_type=\"column\" data-e-type=\"column\">\n\t\t\t<div class=\"elementor-widget-wrap elementor-element-populated\">\n\t\t\t\t\t\t<div class=\"elementor-element elementor-element-8cbe55e elementor-position-top elementor-widget elementor-widget-image-box\" data-id=\"8cbe55e\" data-element_type=\"widget\" data-e-type=\"widget\" data-widget_type=\"image-box.default\">\n\t\t\t\t<div class=\"elementor-widget-container\">\n\t\t\t\t\t<div class=\"elementor-image-box-wrapper\"><figure class=\"elementor-image-box-img\"><a href=\"https:\/\/www.epa.ie\/\" target=\"_blank\" tabindex=\"-1\"><img loading=\"lazy\" decoding=\"async\" width=\"280\" height=\"140\" src=\"https:\/\/rivershannongroup.ie\/ga\/wp-content\/uploads\/2023\/11\/EPA-Logo-280px.png\" class=\"attachment-full size-full wp-image-619\" alt=\"EPA Logo\" style=\"width:100%;height:50%;max-width:280px\" \/><\/a><\/figure><div class=\"elementor-image-box-content\"><p class=\"elementor-image-box-title\"><a href=\"https:\/\/www.epa.ie\/\" target=\"_blank\">GCC<\/a><\/p><\/div><\/div>\t\t\t\t<\/div>\n\t\t\t\t<\/div>\n\t\t\t\t\t<\/div>\n\t\t<\/div>\n\t\t\t\t<div class=\"elementor-column elementor-col-25 elementor-top-column elementor-element elementor-element-8812d9c\" data-id=\"8812d9c\" data-element_type=\"column\" data-e-type=\"column\">\n\t\t\t<div class=\"elementor-widget-wrap elementor-element-populated\">\n\t\t\t\t\t\t<div class=\"elementor-element elementor-element-93af831 elementor-position-top elementor-widget elementor-widget-image-box\" data-id=\"93af831\" data-element_type=\"widget\" data-e-type=\"widget\" data-widget_type=\"image-box.default\">\n\t\t\t\t<div class=\"elementor-widget-container\">\n\t\t\t\t\t<div class=\"elementor-image-box-wrapper\"><figure class=\"elementor-image-box-img\"><a href=\"https:\/\/www.gov.ie\/en\/organisation\/department-of-agriculture-food-and-the-marine\/\" target=\"_blank\" tabindex=\"-1\"><img loading=\"lazy\" decoding=\"async\" width=\"280\" height=\"140\" src=\"https:\/\/rivershannongroup.ie\/ga\/wp-content\/uploads\/2023\/11\/Dept-of-agri-280px.png\" class=\"attachment-full size-full wp-image-618\" alt=\"Dept of Agriculture Food and the Marine Logo\" style=\"width:100%;height:50%;max-width:280px\" \/><\/a><\/figure><div class=\"elementor-image-box-content\"><p class=\"elementor-image-box-title\"><a href=\"https:\/\/www.gov.ie\/en\/organisation\/department-of-agriculture-food-and-the-marine\/\" target=\"_blank\">An Roinn Talmha\u00edochta, Bia agus Mara<\/a><\/p><\/div><\/div>\t\t\t\t<\/div>\n\t\t\t\t<\/div>\n\t\t\t\t\t<\/div>\n\t\t<\/div>\n\t\t\t\t\t<\/div>\n\t\t<\/section>\n\t\t\t\t<section class=\"elementor-section elementor-top-section elementor-element elementor-element-1b18f53 elementor-section-boxed elementor-section-height-default elementor-section-height-default\" data-id=\"1b18f53\" data-element_type=\"section\" data-e-type=\"section\">\n\t\t\t\t\t\t<div class=\"elementor-container elementor-column-gap-default\">\n\t\t\t\t\t<div class=\"elementor-column elementor-col-25 elementor-top-column elementor-element elementor-element-f4340e6\" data-id=\"f4340e6\" data-element_type=\"column\" data-e-type=\"column\">\n\t\t\t<div class=\"elementor-widget-wrap elementor-element-populated\">\n\t\t\t\t\t\t<div class=\"elementor-element elementor-element-636ca4f elementor-position-top elementor-widget elementor-widget-image-box\" data-id=\"636ca4f\" data-element_type=\"widget\" data-e-type=\"widget\" data-widget_type=\"image-box.default\">\n\t\t\t\t<div class=\"elementor-widget-container\">\n\t\t\t\t\t<div class=\"elementor-image-box-wrapper\"><figure class=\"elementor-image-box-img\"><a href=\"https:\/\/www.gov.ie\/en\/organisation\/department-of-housing-local-government-and-heritage\/\" target=\"_blank\" tabindex=\"-1\"><img loading=\"lazy\" decoding=\"async\" width=\"280\" height=\"140\" src=\"https:\/\/rivershannongroup.ie\/ga\/wp-content\/uploads\/2023\/11\/Dept-of-housing-logo-280px.png\" class=\"attachment-full size-full wp-image-624\" alt=\"Department of housing Local Government and Heritage\" style=\"width:100%;height:50%;max-width:280px\" \/><\/a><\/figure><div class=\"elementor-image-box-content\"><p class=\"elementor-image-box-title\"><a href=\"https:\/\/www.gov.ie\/en\/organisation\/department-of-housing-local-government-and-heritage\/\" target=\"_blank\">An Rionn Tith\u00edochta, Rialtais \u00c1iti\u00fail agus Oidhreachta<\/a><\/p><\/div><\/div>\t\t\t\t<\/div>\n\t\t\t\t<\/div>\n\t\t\t\t\t<\/div>\n\t\t<\/div>\n\t\t\t\t<div class=\"elementor-column elementor-col-25 elementor-top-column elementor-element elementor-element-9a15e15\" data-id=\"9a15e15\" data-element_type=\"column\" data-e-type=\"column\">\n\t\t\t<div class=\"elementor-widget-wrap elementor-element-populated\">\n\t\t\t\t\t\t<div class=\"elementor-element elementor-element-c419ef9 elementor-position-top elementor-widget elementor-widget-image-box\" data-id=\"c419ef9\" data-element_type=\"widget\" data-e-type=\"widget\" data-widget_type=\"image-box.default\">\n\t\t\t\t<div class=\"elementor-widget-container\">\n\t\t\t\t\t<div class=\"elementor-image-box-wrapper\"><figure class=\"elementor-image-box-img\"><a href=\"https:\/\/www.gov.ie\/en\/publication\/942f74-local-authorities\/\" target=\"_blank\" tabindex=\"-1\"><img loading=\"lazy\" decoding=\"async\" width=\"280\" height=\"140\" src=\"https:\/\/rivershannongroup.ie\/ga\/wp-content\/uploads\/2023\/11\/Government-of-Ireland-Logo-280px-\u2013-1.png\" class=\"attachment-full size-full wp-image-634\" alt=\"Government of Ireland logo\" style=\"width:100%;height:50%;max-width:280px\" \/><\/a><\/figure><div class=\"elementor-image-box-content\"><p class=\"elementor-image-box-title\"><a href=\"https:\/\/www.gov.ie\/en\/publication\/942f74-local-authorities\/\" target=\"_blank\">Rialtas na h\u00c9ireann<\/a><\/p><\/div><\/div>\t\t\t\t<\/div>\n\t\t\t\t<\/div>\n\t\t\t\t\t<\/div>\n\t\t<\/div>\n\t\t\t\t<div class=\"elementor-column elementor-col-25 elementor-top-column elementor-element elementor-element-621b04c\" data-id=\"621b04c\" data-element_type=\"column\" data-e-type=\"column\">\n\t\t\t<div class=\"elementor-widget-wrap\">\n\t\t\t\t\t\t\t<\/div>\n\t\t<\/div>\n\t\t\t\t<div class=\"elementor-column elementor-col-25 elementor-top-column elementor-element elementor-element-4306cb7\" data-id=\"4306cb7\" data-element_type=\"column\" data-e-type=\"column\">\n\t\t\t<div class=\"elementor-widget-wrap\">\n\t\t\t\t\t\t\t<\/div>\n\t\t<\/div>\n\t\t\t\t\t<\/div>\n\t\t<\/section>\n\t\t\t\t<section class=\"elementor-section elementor-top-section elementor-element elementor-element-982873c elementor-section-boxed elementor-section-height-default elementor-section-height-default\" data-id=\"982873c\" data-element_type=\"section\" data-e-type=\"section\">\n\t\t\t\t\t\t<div class=\"elementor-container elementor-column-gap-default\">\n\t\t\t\t\t<div class=\"elementor-column elementor-col-100 elementor-top-column elementor-element elementor-element-c004bfe\" data-id=\"c004bfe\" data-element_type=\"column\" data-e-type=\"column\">\n\t\t\t<div class=\"elementor-widget-wrap\">\n\t\t\t\t\t\t\t<\/div>\n\t\t<\/div>\n\t\t\t\t\t<\/div>\n\t\t<\/section>\n\t\t\t\t<\/div>\n\t\t","protected":false},"excerpt":{"rendered":"<p>Oifig na nOibreacha Poibl\u00ed Iascach Int\u00edre \u00c9ireann Uiscebheala\u00ed \u00c9ireann Uisce \u00c9ireann Bhord Sol\u00e1thair an Leictreachais Bhord na M\u00f3na GCC An Roinn Talmha\u00edochta, Bia agus Mara An Rionn Tith\u00edochta, Rialtais \u00c1iti\u00fail agus Oidhreachta Rialtas na h\u00c9ireann<\/p>\n","protected":false},"author":1,"featured_media":0,"parent":0,"menu_order":0,"comment_status":"closed","ping_status":"closed","template":"","meta":{"footnotes":""},"class_list":["post-354","page","type-page","status-publish","hentry","entry"],"yoast_head":"<!-- This site is optimized with the Yoast SEO plugin v27.5 - https:\/\/yoast.com\/product\/yoast-seo-wordpress\/ -->\n<title>Comhalta\u00ed - Shannon Flood Risk<\/title>\n<meta name=\"description\" content=\"Faigh gach Baill de Ghr\u00fapa na Sionainne ar l\u00edne anois ag \u00e1r su\u00edomh Gr\u00e9as\u00e1in tiomnaithe. T\u00e1 raon leathan ball ag an ngr\u00fapa lena n-\u00e1ir\u00edtear...\" \/>\n<meta name=\"robots\" content=\"index, follow, max-snippet:-1, max-image-preview:large, max-video-preview:-1\" \/>\n<link rel=\"canonical\" href=\"https:\/\/rivershannongroup.ie\/ga\/members\/\" \/>\n<meta property=\"og:locale\" content=\"en_US\" \/>\n<meta property=\"og:type\" content=\"article\" \/>\n<meta property=\"og:title\" content=\"Comhalta\u00ed - Shannon Flood Risk\" \/>\n<meta property=\"og:description\" content=\"Faigh gach Baill de Ghr\u00fapa na Sionainne ar l\u00edne anois ag \u00e1r su\u00edomh Gr\u00e9as\u00e1in tiomnaithe. T\u00e1 raon leathan ball ag an ngr\u00fapa lena n-\u00e1ir\u00edtear...\" \/>\n<meta property=\"og:url\" content=\"https:\/\/rivershannongroup.ie\/ga\/members\/\" \/>\n<meta property=\"og:site_name\" content=\"Shannon Flood Risk\" \/>\n<meta property=\"article:modified_time\" content=\"2025-05-07T13:29:27+00:00\" \/>\n<meta property=\"og:image\" content=\"https:\/\/rivershannongroup.ie\/ga\/wp-content\/uploads\/2023\/11\/OPW-280px.png\" \/>\n<meta name=\"twitter:card\" content=\"summary_large_image\" \/>\n<meta name=\"twitter:label1\" content=\"Est. reading time\" \/>\n\t<meta name=\"twitter:data1\" content=\"3 minutes\" \/>\n<script type=\"application\/ld+json\" class=\"yoast-schema-graph\">{\"@context\":\"https:\\\/\\\/schema.org\",\"@graph\":[{\"@type\":\"WebPage\",\"@id\":\"https:\\\/\\\/rivershannongroup.ie\\\/ga\\\/members\\\/\",\"url\":\"https:\\\/\\\/rivershannongroup.ie\\\/ga\\\/members\\\/\",\"name\":\"Comhalta\u00ed - Shannon Flood Risk\",\"isPartOf\":{\"@id\":\"https:\\\/\\\/rivershannongroup.ie\\\/ga\\\/#website\"},\"primaryImageOfPage\":{\"@id\":\"https:\\\/\\\/rivershannongroup.ie\\\/ga\\\/members\\\/#primaryimage\"},\"image\":{\"@id\":\"https:\\\/\\\/rivershannongroup.ie\\\/ga\\\/members\\\/#primaryimage\"},\"thumbnailUrl\":\"https:\\\/\\\/rivershannongroup.ie\\\/ga\\\/wp-content\\\/uploads\\\/2023\\\/11\\\/OPW-280px.png\",\"datePublished\":\"2023-11-16T16:42:29+00:00\",\"dateModified\":\"2025-05-07T13:29:27+00:00\",\"description\":\"Faigh gach Baill de Ghr\u00fapa na Sionainne ar l\u00edne anois ag \u00e1r su\u00edomh Gr\u00e9as\u00e1in tiomnaithe. T\u00e1 raon leathan ball ag an ngr\u00fapa lena n-\u00e1ir\u00edtear...\",\"breadcrumb\":{\"@id\":\"https:\\\/\\\/rivershannongroup.ie\\\/ga\\\/members\\\/#breadcrumb\"},\"inLanguage\":\"en-US\",\"potentialAction\":[{\"@type\":\"ReadAction\",\"target\":[\"https:\\\/\\\/rivershannongroup.ie\\\/ga\\\/members\\\/\"]}]},{\"@type\":\"ImageObject\",\"inLanguage\":\"en-US\",\"@id\":\"https:\\\/\\\/rivershannongroup.ie\\\/ga\\\/members\\\/#primaryimage\",\"url\":\"https:\\\/\\\/rivershannongroup.ie\\\/ga\\\/wp-content\\\/uploads\\\/2023\\\/11\\\/OPW-280px.png\",\"contentUrl\":\"https:\\\/\\\/rivershannongroup.ie\\\/ga\\\/wp-content\\\/uploads\\\/2023\\\/11\\\/OPW-280px.png\",\"width\":280,\"height\":140,\"caption\":\"OPW Logo\"},{\"@type\":\"BreadcrumbList\",\"@id\":\"https:\\\/\\\/rivershannongroup.ie\\\/ga\\\/members\\\/#breadcrumb\",\"itemListElement\":[{\"@type\":\"ListItem\",\"position\":1,\"name\":\"Home\",\"item\":\"https:\\\/\\\/rivershannongroup.ie\\\/ga\\\/\"},{\"@type\":\"ListItem\",\"position\":2,\"name\":\"Comhalta\u00ed\"}]},{\"@type\":\"WebSite\",\"@id\":\"https:\\\/\\\/rivershannongroup.ie\\\/ga\\\/#website\",\"url\":\"https:\\\/\\\/rivershannongroup.ie\\\/ga\\\/\",\"name\":\"Shannon Flood Risk\",\"description\":\"\",\"potentialAction\":[{\"@type\":\"SearchAction\",\"target\":{\"@type\":\"EntryPoint\",\"urlTemplate\":\"https:\\\/\\\/rivershannongroup.ie\\\/ga\\\/?s={search_term_string}\"},\"query-input\":{\"@type\":\"PropertyValueSpecification\",\"valueRequired\":true,\"valueName\":\"search_term_string\"}}],\"inLanguage\":\"en-US\"}]}<\/script>\n<!-- \/ Yoast SEO plugin. -->","yoast_head_json":{"title":"Comhalta\u00ed - Shannon Flood Risk","description":"Faigh gach Baill de Ghr\u00fapa na Sionainne ar l\u00edne anois ag \u00e1r su\u00edomh Gr\u00e9as\u00e1in tiomnaithe. T\u00e1 raon leathan ball ag an ngr\u00fapa lena n-\u00e1ir\u00edtear...","robots":{"index":"index","follow":"follow","max-snippet":"max-snippet:-1","max-image-preview":"max-image-preview:large","max-video-preview":"max-video-preview:-1"},"canonical":"https:\/\/rivershannongroup.ie\/ga\/members\/","og_locale":"en_US","og_type":"article","og_title":"Comhalta\u00ed - Shannon Flood Risk","og_description":"Faigh gach Baill de Ghr\u00fapa na Sionainne ar l\u00edne anois ag \u00e1r su\u00edomh Gr\u00e9as\u00e1in tiomnaithe. T\u00e1 raon leathan ball ag an ngr\u00fapa lena n-\u00e1ir\u00edtear...","og_url":"https:\/\/rivershannongroup.ie\/ga\/members\/","og_site_name":"Shannon Flood Risk","article_modified_time":"2025-05-07T13:29:27+00:00","og_image":[{"url":"https:\/\/rivershannongroup.ie\/ga\/wp-content\/uploads\/2023\/11\/OPW-280px.png","type":"","width":"","height":""}],"twitter_card":"summary_large_image","twitter_misc":{"Est. reading time":"3 minutes"},"schema":{"@context":"https:\/\/schema.org","@graph":[{"@type":"WebPage","@id":"https:\/\/rivershannongroup.ie\/ga\/members\/","url":"https:\/\/rivershannongroup.ie\/ga\/members\/","name":"Comhalta\u00ed - Shannon Flood Risk","isPartOf":{"@id":"https:\/\/rivershannongroup.ie\/ga\/#website"},"primaryImageOfPage":{"@id":"https:\/\/rivershannongroup.ie\/ga\/members\/#primaryimage"},"image":{"@id":"https:\/\/rivershannongroup.ie\/ga\/members\/#primaryimage"},"thumbnailUrl":"https:\/\/rivershannongroup.ie\/ga\/wp-content\/uploads\/2023\/11\/OPW-280px.png","datePublished":"2023-11-16T16:42:29+00:00","dateModified":"2025-05-07T13:29:27+00:00","description":"Faigh gach Baill de Ghr\u00fapa na Sionainne ar l\u00edne anois ag \u00e1r su\u00edomh Gr\u00e9as\u00e1in tiomnaithe. T\u00e1 raon leathan ball ag an ngr\u00fapa lena n-\u00e1ir\u00edtear...","breadcrumb":{"@id":"https:\/\/rivershannongroup.ie\/ga\/members\/#breadcrumb"},"inLanguage":"en-US","potentialAction":[{"@type":"ReadAction","target":["https:\/\/rivershannongroup.ie\/ga\/members\/"]}]},{"@type":"ImageObject","inLanguage":"en-US","@id":"https:\/\/rivershannongroup.ie\/ga\/members\/#primaryimage","url":"https:\/\/rivershannongroup.ie\/ga\/wp-content\/uploads\/2023\/11\/OPW-280px.png","contentUrl":"https:\/\/rivershannongroup.ie\/ga\/wp-content\/uploads\/2023\/11\/OPW-280px.png","width":280,"height":140,"caption":"OPW Logo"},{"@type":"BreadcrumbList","@id":"https:\/\/rivershannongroup.ie\/ga\/members\/#breadcrumb","itemListElement":[{"@type":"ListItem","position":1,"name":"Home","item":"https:\/\/rivershannongroup.ie\/ga\/"},{"@type":"ListItem","position":2,"name":"Comhalta\u00ed"}]},{"@type":"WebSite","@id":"https:\/\/rivershannongroup.ie\/ga\/#website","url":"https:\/\/rivershannongroup.ie\/ga\/","name":"Shannon Flood Risk","description":"","potentialAction":[{"@type":"SearchAction","target":{"@type":"EntryPoint","urlTemplate":"https:\/\/rivershannongroup.ie\/ga\/?s={search_term_string}"},"query-input":{"@type":"PropertyValueSpecification","valueRequired":true,"valueName":"search_term_string"}}],"inLanguage":"en-US"}]}},"_links":{"self":[{"href":"https:\/\/rivershannongroup.ie\/ga\/wp-json\/wp\/v2\/pages\/354","targetHints":{"allow":["GET"]}}],"collection":[{"href":"https:\/\/rivershannongroup.ie\/ga\/wp-json\/wp\/v2\/pages"}],"about":[{"href":"https:\/\/rivershannongroup.ie\/ga\/wp-json\/wp\/v2\/types\/page"}],"author":[{"embeddable":true,"href":"https:\/\/rivershannongroup.ie\/ga\/wp-json\/wp\/v2\/users\/1"}],"replies":[{"embeddable":true,"href":"https:\/\/rivershannongroup.ie\/ga\/wp-json\/wp\/v2\/comments?post=354"}],"version-history":[{"count":78,"href":"https:\/\/rivershannongroup.ie\/ga\/wp-json\/wp\/v2\/pages\/354\/revisions"}],"predecessor-version":[{"id":1812,"href":"https:\/\/rivershannongroup.ie\/ga\/wp-json\/wp\/v2\/pages\/354\/revisions\/1812"}],"wp:attachment":[{"href":"https:\/\/rivershannongroup.ie\/ga\/wp-json\/wp\/v2\/media?parent=354"}],"curies":[{"name":"wp","href":"https:\/\/api.w.org\/{rel}","templated":true}]}}