{"id":435,"date":"2023-11-17T12:53:42","date_gmt":"2023-11-17T12:53:42","guid":{"rendered":"https:\/\/rivershannongroup.ie\/?page_id=435"},"modified":"2025-05-07T13:22:16","modified_gmt":"2025-05-07T13:22:16","slug":"cookie-policy","status":"publish","type":"page","link":"https:\/\/rivershannongroup.ie\/ga\/cookie-policy\/","title":{"rendered":"Beartas maidir le Fian\u00e1in"},"content":{"rendered":"\t\t<div data-elementor-type=\"wp-page\" data-elementor-id=\"435\" class=\"elementor elementor-435\">\n\t\t\t\t\t\t<section class=\"elementor-section elementor-top-section elementor-element elementor-element-8c6ed1c elementor-section-boxed elementor-section-height-default elementor-section-height-default\" data-id=\"8c6ed1c\" data-element_type=\"section\" data-e-type=\"section\">\n\t\t\t\t\t\t<div class=\"elementor-container elementor-column-gap-default\">\n\t\t\t\t\t<div class=\"elementor-column elementor-col-100 elementor-top-column elementor-element elementor-element-e728682\" data-id=\"e728682\" data-element_type=\"column\" data-e-type=\"column\">\n\t\t\t<div class=\"elementor-widget-wrap elementor-element-populated\">\n\t\t\t\t\t\t<div class=\"elementor-element elementor-element-6695b76 elementor-widget elementor-widget-spacer\" data-id=\"6695b76\" data-element_type=\"widget\" data-e-type=\"widget\" data-widget_type=\"spacer.default\">\n\t\t\t\t<div class=\"elementor-widget-container\">\n\t\t\t\t\t\t\t<div class=\"elementor-spacer\">\n\t\t\t<div class=\"elementor-spacer-inner\"><\/div>\n\t\t<\/div>\n\t\t\t\t\t\t<\/div>\n\t\t\t\t<\/div>\n\t\t\t\t<div class=\"elementor-element elementor-element-cc1eeb1 elementor-widget elementor-widget-text-editor\" data-id=\"cc1eeb1\" data-element_type=\"widget\" data-e-type=\"widget\" data-widget_type=\"text-editor.default\">\n\t\t\t\t<div class=\"elementor-widget-container\">\n\t\t\t\t\t\t\t\t\t<div class=\"elementor-element elementor-element-cdc0010 elementor-widget elementor-widget-text-editor\" data-id=\"cdc0010\" data-element_type=\"widget\" data-widget_type=\"text-editor.default\"><div class=\"elementor-widget-container\"><h1><strong>Fian\u00e1in<\/strong><\/h1><\/div><\/div><div class=\"elementor-element elementor-element-cc1eeb1 elementor-widget elementor-widget-text-editor\" data-id=\"cc1eeb1\" data-element_type=\"widget\" data-widget_type=\"text-editor.default\"><div class=\"elementor-widget-container\"><p>Is p\u00edosa\u00ed beaga faisn\u00e9ise iad fian\u00e1in, agus st\u00f3r\u00e1iltear iad i gcomhaid t\u00e9acs shimpl\u00ed, a chuireann su\u00edomh gr\u00e9as\u00e1in ar do r\u00edomhaire. Is f\u00e9idir leis an su\u00edomh gr\u00e9as\u00e1in roinnt fian\u00e1n a l\u00e9amh nuair a thugann t\u00fa cuairt ar an su\u00edomh ar\u00eds ina dhiaidh sin. D\u2019fh\u00e9adfadh baint a bheith ag an bhfaisn\u00e9is at\u00e1 st\u00f3r\u00e1ilte i bhfian\u00e1n le do ghn\u00edomha\u00edochta\u00ed brabhs\u00e1la ar an su\u00edomh gr\u00e9as\u00e1in, n\u00f3 d\u2019fh\u00e9adfadh aitheant\u00f3ir uath\u00fail a bheith i gceist ionas gur f\u00e9idir leis an su\u00edomh gr\u00e9as\u00e1in \u2018cuimhneamh\u2019 ort nuair a thiocfaidh t\u00fa ar ais. I gc\u00e1s fian\u00e1in eile, scriostar iad nuair a dh\u00fanann t\u00fa do bhrabhs\u00e1la\u00ed agus n\u00ed bhaineann siad ach le feidhmi\u00fa an tsu\u00edmh gr\u00e9as\u00e1in. N\u00ed bh\u00edonn faisn\u00e9is phearsanta sna fian\u00e1in ar gov.ie \u00f3nar f\u00e9idir t\u00fa a aithint.<\/p><p>\u00a0<\/p><p>\u00a0<\/p><p><strong>Fian\u00e1in ar an su\u00edomh gr\u00e9as\u00e1in seo<\/strong><\/p><p>Ar fhormh\u00f3r na mbrabhs\u00e1laithe, is f\u00e9idir leat fian\u00e1in a mh\u00fachadh n\u00f3 do shocruithe maidir leo a shaincheapadh. Le f\u00e1il amach conas \u00e9 sin a dh\u00e9anamh, f\u00e9ach ar an roghchl\u00e1r \u2018Cabhair\u2019 ar do bhrabhs\u00e1la\u00ed. M\u00e1 mh\u00fachann t\u00fa fian\u00e1in n\u00f3 m\u00e1 athra\u00edonn t\u00fa do shocruithe, seans nach n-oibreoidh roinnt gn\u00e9ithe den su\u00edomh gr\u00e9as\u00e1in i gceart.<\/p><p>\u00a0<\/p><p>\u00das\u00e1ideann Oifig na nOibreacha Poibl\u00ed fian\u00e1in chun staitistic\u00ed maidir leis na h\u00fas\u00e1ideoir\u00ed a bhaili\u00fa, ar bhonn anaithnid, agus chun an su\u00edomh a chosaint ar ionsa\u00ed mail\u00edseach.<\/p><\/div><\/div>\t\t\t\t\t\t\t\t<\/div>\n\t\t\t\t<\/div>\n\t\t\t\t\t<\/div>\n\t\t<\/div>\n\t\t\t\t\t<\/div>\n\t\t<\/section>\n\t\t\t\t<\/div>\n\t\t","protected":false},"excerpt":{"rendered":"<p>Fian\u00e1in Is p\u00edosa\u00ed beaga faisn\u00e9ise iad fian\u00e1in, agus st\u00f3r\u00e1iltear iad i gcomhaid t\u00e9acs shimpl\u00ed, a chuireann su\u00edomh gr\u00e9as\u00e1in ar do r\u00edomhaire. Is f\u00e9idir leis an su\u00edomh gr\u00e9as\u00e1in roinnt fian\u00e1n a l\u00e9amh nuair a thugann t\u00fa cuairt ar an su\u00edomh ar\u00eds ina dhiaidh sin. D\u2019fh\u00e9adfadh baint a bheith ag an bhfaisn\u00e9is at\u00e1 st\u00f3r\u00e1ilte i bhfian\u00e1n le&hellip; <a class=\"more-link\" href=\"https:\/\/rivershannongroup.ie\/ga\/cookie-policy\/\">Continue reading <span class=\"screen-reader-text\">Beartas maidir le Fian\u00e1in<\/span><\/a><\/p>\n","protected":false},"author":2,"featured_media":0,"parent":0,"menu_order":0,"comment_status":"closed","ping_status":"closed","template":"","meta":{"footnotes":""},"class_list":["post-435","page","type-page","status-publish","hentry","entry"],"yoast_head":"<!-- This site is optimized with the Yoast SEO plugin v27.6 - https:\/\/yoast.com\/product\/yoast-seo-wordpress\/ -->\n<title>Beartas maidir le Fian\u00e1in - Shannon Flood Risk<\/title>\n<meta name=\"description\" content=\"F\u00e9ach ar Pholasa\u00ed Fian\u00e1n shu\u00edomh Gr\u00e9as\u00e1in Ghr\u00fapa\u00ed na Sionainne anseo. Is m\u00f3r againn do phr\u00edobh\u00e1ideachas agus glacaimid gach r\u00e9amhch\u00faram...\" \/>\n<meta name=\"robots\" content=\"index, follow, max-snippet:-1, max-image-preview:large, max-video-preview:-1\" \/>\n<link rel=\"canonical\" href=\"https:\/\/rivershannongroup.ie\/ga\/cookie-policy\/\" \/>\n<meta property=\"og:locale\" content=\"en_US\" \/>\n<meta property=\"og:type\" content=\"article\" \/>\n<meta property=\"og:title\" content=\"Beartas maidir le Fian\u00e1in - Shannon Flood Risk\" \/>\n<meta property=\"og:description\" content=\"F\u00e9ach ar Pholasa\u00ed Fian\u00e1n shu\u00edomh Gr\u00e9as\u00e1in Ghr\u00fapa\u00ed na Sionainne anseo. Is m\u00f3r againn do phr\u00edobh\u00e1ideachas agus glacaimid gach r\u00e9amhch\u00faram...\" \/>\n<meta property=\"og:url\" content=\"https:\/\/rivershannongroup.ie\/ga\/cookie-policy\/\" \/>\n<meta property=\"og:site_name\" content=\"Shannon Flood Risk\" \/>\n<meta property=\"article:modified_time\" content=\"2025-05-07T13:22:16+00:00\" \/>\n<meta name=\"twitter:card\" content=\"summary_large_image\" \/>\n<meta name=\"twitter:label1\" content=\"Est. reading time\" \/>\n\t<meta name=\"twitter:data1\" content=\"1 minute\" \/>\n<script type=\"application\/ld+json\" class=\"yoast-schema-graph\">{\"@context\":\"https:\\\/\\\/schema.org\",\"@graph\":[{\"@type\":\"WebPage\",\"@id\":\"https:\\\/\\\/rivershannongroup.ie\\\/ga\\\/cookie-policy\\\/\",\"url\":\"https:\\\/\\\/rivershannongroup.ie\\\/ga\\\/cookie-policy\\\/\",\"name\":\"Beartas maidir le Fian\u00e1in - Shannon Flood Risk\",\"isPartOf\":{\"@id\":\"https:\\\/\\\/rivershannongroup.ie\\\/ga\\\/#website\"},\"datePublished\":\"2023-11-17T12:53:42+00:00\",\"dateModified\":\"2025-05-07T13:22:16+00:00\",\"description\":\"F\u00e9ach ar Pholasa\u00ed Fian\u00e1n shu\u00edomh Gr\u00e9as\u00e1in Ghr\u00fapa\u00ed na Sionainne anseo. Is m\u00f3r againn do phr\u00edobh\u00e1ideachas agus glacaimid gach r\u00e9amhch\u00faram...\",\"breadcrumb\":{\"@id\":\"https:\\\/\\\/rivershannongroup.ie\\\/ga\\\/cookie-policy\\\/#breadcrumb\"},\"inLanguage\":\"en-US\",\"potentialAction\":[{\"@type\":\"ReadAction\",\"target\":[\"https:\\\/\\\/rivershannongroup.ie\\\/ga\\\/cookie-policy\\\/\"]}]},{\"@type\":\"BreadcrumbList\",\"@id\":\"https:\\\/\\\/rivershannongroup.ie\\\/ga\\\/cookie-policy\\\/#breadcrumb\",\"itemListElement\":[{\"@type\":\"ListItem\",\"position\":1,\"name\":\"Home\",\"item\":\"https:\\\/\\\/rivershannongroup.ie\\\/ga\\\/\"},{\"@type\":\"ListItem\",\"position\":2,\"name\":\"Beartas maidir le Fian\u00e1in\"}]},{\"@type\":\"WebSite\",\"@id\":\"https:\\\/\\\/rivershannongroup.ie\\\/ga\\\/#website\",\"url\":\"https:\\\/\\\/rivershannongroup.ie\\\/ga\\\/\",\"name\":\"Shannon Flood Risk\",\"description\":\"\",\"potentialAction\":[{\"@type\":\"SearchAction\",\"target\":{\"@type\":\"EntryPoint\",\"urlTemplate\":\"https:\\\/\\\/rivershannongroup.ie\\\/ga\\\/?s={search_term_string}\"},\"query-input\":{\"@type\":\"PropertyValueSpecification\",\"valueRequired\":true,\"valueName\":\"search_term_string\"}}],\"inLanguage\":\"en-US\"}]}<\/script>\n<!-- \/ Yoast SEO plugin. -->","yoast_head_json":{"title":"Beartas maidir le Fian\u00e1in - Shannon Flood Risk","description":"F\u00e9ach ar Pholasa\u00ed Fian\u00e1n shu\u00edomh Gr\u00e9as\u00e1in Ghr\u00fapa\u00ed na Sionainne anseo. Is m\u00f3r againn do phr\u00edobh\u00e1ideachas agus glacaimid gach r\u00e9amhch\u00faram...","robots":{"index":"index","follow":"follow","max-snippet":"max-snippet:-1","max-image-preview":"max-image-preview:large","max-video-preview":"max-video-preview:-1"},"canonical":"https:\/\/rivershannongroup.ie\/ga\/cookie-policy\/","og_locale":"en_US","og_type":"article","og_title":"Beartas maidir le Fian\u00e1in - Shannon Flood Risk","og_description":"F\u00e9ach ar Pholasa\u00ed Fian\u00e1n shu\u00edomh Gr\u00e9as\u00e1in Ghr\u00fapa\u00ed na Sionainne anseo. Is m\u00f3r againn do phr\u00edobh\u00e1ideachas agus glacaimid gach r\u00e9amhch\u00faram...","og_url":"https:\/\/rivershannongroup.ie\/ga\/cookie-policy\/","og_site_name":"Shannon Flood Risk","article_modified_time":"2025-05-07T13:22:16+00:00","twitter_card":"summary_large_image","twitter_misc":{"Est. reading time":"1 minute"},"schema":{"@context":"https:\/\/schema.org","@graph":[{"@type":"WebPage","@id":"https:\/\/rivershannongroup.ie\/ga\/cookie-policy\/","url":"https:\/\/rivershannongroup.ie\/ga\/cookie-policy\/","name":"Beartas maidir le Fian\u00e1in - Shannon Flood Risk","isPartOf":{"@id":"https:\/\/rivershannongroup.ie\/ga\/#website"},"datePublished":"2023-11-17T12:53:42+00:00","dateModified":"2025-05-07T13:22:16+00:00","description":"F\u00e9ach ar Pholasa\u00ed Fian\u00e1n shu\u00edomh Gr\u00e9as\u00e1in Ghr\u00fapa\u00ed na Sionainne anseo. Is m\u00f3r againn do phr\u00edobh\u00e1ideachas agus glacaimid gach r\u00e9amhch\u00faram...","breadcrumb":{"@id":"https:\/\/rivershannongroup.ie\/ga\/cookie-policy\/#breadcrumb"},"inLanguage":"en-US","potentialAction":[{"@type":"ReadAction","target":["https:\/\/rivershannongroup.ie\/ga\/cookie-policy\/"]}]},{"@type":"BreadcrumbList","@id":"https:\/\/rivershannongroup.ie\/ga\/cookie-policy\/#breadcrumb","itemListElement":[{"@type":"ListItem","position":1,"name":"Home","item":"https:\/\/rivershannongroup.ie\/ga\/"},{"@type":"ListItem","position":2,"name":"Beartas maidir le Fian\u00e1in"}]},{"@type":"WebSite","@id":"https:\/\/rivershannongroup.ie\/ga\/#website","url":"https:\/\/rivershannongroup.ie\/ga\/","name":"Shannon Flood Risk","description":"","potentialAction":[{"@type":"SearchAction","target":{"@type":"EntryPoint","urlTemplate":"https:\/\/rivershannongroup.ie\/ga\/?s={search_term_string}"},"query-input":{"@type":"PropertyValueSpecification","valueRequired":true,"valueName":"search_term_string"}}],"inLanguage":"en-US"}]}},"_links":{"self":[{"href":"https:\/\/rivershannongroup.ie\/ga\/wp-json\/wp\/v2\/pages\/435","targetHints":{"allow":["GET"]}}],"collection":[{"href":"https:\/\/rivershannongroup.ie\/ga\/wp-json\/wp\/v2\/pages"}],"about":[{"href":"https:\/\/rivershannongroup.ie\/ga\/wp-json\/wp\/v2\/types\/page"}],"author":[{"embeddable":true,"href":"https:\/\/rivershannongroup.ie\/ga\/wp-json\/wp\/v2\/users\/2"}],"replies":[{"embeddable":true,"href":"https:\/\/rivershannongroup.ie\/ga\/wp-json\/wp\/v2\/comments?post=435"}],"version-history":[{"count":8,"href":"https:\/\/rivershannongroup.ie\/ga\/wp-json\/wp\/v2\/pages\/435\/revisions"}],"predecessor-version":[{"id":1750,"href":"https:\/\/rivershannongroup.ie\/ga\/wp-json\/wp\/v2\/pages\/435\/revisions\/1750"}],"wp:attachment":[{"href":"https:\/\/rivershannongroup.ie\/ga\/wp-json\/wp\/v2\/media?parent=435"}],"curies":[{"name":"wp","href":"https:\/\/api.w.org\/{rel}","templated":true}]}}