{"id":437,"date":"2023-11-17T12:54:03","date_gmt":"2023-11-17T12:54:03","guid":{"rendered":"https:\/\/rivershannongroup.ie\/?page_id=437"},"modified":"2025-05-07T13:20:46","modified_gmt":"2025-05-07T13:20:46","slug":"accessibility-statement","status":"publish","type":"page","link":"https:\/\/rivershannongroup.ie\/ga\/accessibility-statement\/","title":{"rendered":"R\u00e1iteas Inrochtaineachta"},"content":{"rendered":"<style>\/*! elementor - v3.17.0 - 08-11-2023 *\/\n.elementor-column .elementor-spacer-inner{height:var(--spacer-size)}.e-con{--container-widget-width:100%}.e-con-inner>.elementor-widget-spacer,.e-con>.elementor-widget-spacer{width:var(--container-widget-width,var(--spacer-size));--align-self:var(--container-widget-align-self,initial);--flex-shrink:0}.e-con-inner>.elementor-widget-spacer>.elementor-widget-container,.e-con>.elementor-widget-spacer>.elementor-widget-container{height:100%;width:100%}.e-con-inner>.elementor-widget-spacer>.elementor-widget-container>.elementor-spacer,.e-con>.elementor-widget-spacer>.elementor-widget-container>.elementor-spacer{height:100%}.e-con-inner>.elementor-widget-spacer>.elementor-widget-container>.elementor-spacer>.elementor-spacer-inner,.e-con>.elementor-widget-spacer>.elementor-widget-container>.elementor-spacer>.elementor-spacer-inner{height:var(--container-widget-height,var(--spacer-size))}.e-con-inner>.elementor-widget-spacer.elementor-widget-empty,.e-con>.elementor-widget-spacer.elementor-widget-empty{position:relative;min-height:22px;min-width:22px}.e-con-inner>.elementor-widget-spacer.elementor-widget-empty .elementor-widget-empty-icon,.e-con>.elementor-widget-spacer.elementor-widget-empty .elementor-widget-empty-icon{position:absolute;top:0;bottom:0;left:0;right:0;margin:auto;padding:0;width:22px;height:22px}<\/style>\n<section data-id=\"e10b101\" data-element_type=\"section\">\n<h1><strong>R\u00e1iteas Inrochtaineachta<\/strong><\/h1>\n<p>\u00a0<\/section>\n<section data-id=\"281f7c5\" data-element_type=\"section\">\n<p>Aithn\u00edonn Oifig na nOibreacha Poibl\u00ed a th\u00e1bhachta\u00ed at\u00e1 s\u00e9 f\u00e9achaint chuige go bhfuil \u00e1r su\u00edomh gr\u00e9as\u00e1in inrochtana do ch\u00e1ch. T\u00e1imid tiomanta d\u00e1r su\u00edomh gr\u00e9as\u00e1in a dh\u00e9anamh inrochtana de r\u00e9ir \u00a0<a href=\"http:\/\/www.irishstatutebook.ie\/eli\/2020\/si\/358\/made\/en\/print\">Rialach\u00e1in an Aontais Eorpaigh maidir le hinrochtaineacht su\u00edomhanna gr\u00e9as\u00e1in agus feidhmchl\u00e1r m\u00f3ib\u00edleach de chuid comhlachta\u00ed san earn\u00e1il phoibl\u00ed, 2020<\/a>. B\u00edmid seasta ag obair chun a gcuairt ar an su\u00edomh gr\u00e9as\u00e1in a fheabhs\u00fa do na h\u00fas\u00e1ideoir\u00ed go l\u00e9ir agus chun an t-inneachar a chur ar f\u00e1il don lucht l\u00e9itheoireachta is fairsinge agus is f\u00e9idir, iad si\u00fad a \u00fas\u00e1ideann teicneola\u00edochta\u00ed c\u00fanta ina measc.<\/p>\n<p>T\u00e1 feidhm ag an r\u00e1iteas inrochtaineachta seo maidir leis an su\u00edomh gr\u00e9as\u00e1in rivershannongroup.ie<\/p>\n<p><strong>\u00a0<\/strong><\/p>\n<p><strong>St\u00e1das maidir le comhl\u00edonadh<\/strong><\/p>\n<p>Leantar na Treoirl\u00ednte um Inrochtaineacht \u00c1bhar Gr\u00e9as\u00e1in (WCAG) i leith an tsu\u00edmh rivershannongroup.ie agus clo\u00edtear leo. Tr\u00ed leibh\u00e9al comhl\u00edonta at\u00e1 i gceist le WCAG: Leibh\u00e9al A, Leibh\u00e9al AA agus Leibh\u00e9al AAA. Ullmha\u00edodh gach leathanach ar an su\u00edomh gr\u00e9as\u00e1in sa chaoi is go gcomhl\u00edontar\u00a0<a href=\"https:\/\/www.w3.org\/TR\/WCAG21\/\">caighde\u00e1n Leibh\u00e9al AA<\/a>\u00a0ar a laghad.\u00a0<\/p>\n<p>\u00a0<\/p>\n<p><strong>\u00c1bhar neamh-inrochtana<\/strong><\/p>\n<ol>\n<li>I gc\u00e1s roinnt \u00edomh\u00e1nna, n\u00edl t\u00e9acs malartach oiri\u00fanach ag gabh\u00e1il leo.<\/li>\n<li>T\u00e1 roinnt \u00edomh\u00e1nna nach bhfuil saor \u00f3 th\u00e9acs.<\/li>\n<li>N\u00ed leor codarsnacht na ndathanna i roinnt eilimint\u00ed sna leathanaigh<\/li>\n<li>N\u00edl an t-\u00e1bhar san ord ceart ar roinnt de na leathanaigh.<\/li>\n<\/ol>\n<p><strong>\u00a0<\/strong><\/p>\n<p><strong>Aiseolas agus faisn\u00e9is teagmh\u00e1la<\/strong><\/p>\n<p>Is f\u00e9idir leat dul i dteagmh\u00e1il linn chun faisn\u00e9is a iarraidh n\u00f3 chun c\u00fanamh a fh\u00e1il maidir leis an rochtain ar \u00e1bhar n\u00f3 feidhmi\u00falacht ar bith nach bhfuil inrochtana.<\/p>\n<p>Le haghaidh faisn\u00e9ise agus fiosr\u00fach\u00e1in ghinear\u00e1lta, d\u00e9an teagmh\u00e1il le do thoil le \u00a0<a href=\"mailto:info@opw.ie\">info@opw.ie<\/a><\/p>\n<p>F\u00e1ilt\u00edonn Oifig na nOibreacha Poibl\u00ed roimh aiseolas uait maidir lena inrochtana at\u00e1 an su\u00edomh gr\u00e9as\u00e1in agus \u00e1r n-uirlis\u00ed digiteacha. Cuir in i\u00fal d\u00fainn \u00e9 le do thoil m\u00e1 thagann t\u00fa trasna ar aon deacrachta\u00ed rochtana ar mhaith leat go mbreathn\u00f3imis orthu.<\/p>\n<p>Chun aiseolas a thabhairt maidir le hinrochtaineacht an tsu\u00edmh gr\u00e9as\u00e1in agus chun deacrachta\u00ed rochtana a chur ar \u00e1r s\u00faile d\u00fainn, seol r\u00edomhphost chuig \u00a0<a href=\"mailto:info@opw.ie\">info@opw.ie<\/a><\/p>\n<p><strong>\u00a0<\/strong><\/p>\n<p><strong>Gear\u00e1in Fhoirmi\u00fala<\/strong><\/p>\n<p>Mura bhfuil t\u00fa s\u00e1sta leis an bhfreagra \u00f3 Oifig na nOibreacha Poibl\u00ed, f\u00e9adfaidh t\u00fa gear\u00e1n a dh\u00e9anamh faoin Acht um St\u00e1das Comhionann, 2000 (Uimh. 8 de 2000) n\u00f3 faoin Acht um M\u00edchumas, 2005 (Uimh. 14 de 2005), n\u00f3 faoin d\u00e1 cheann.<\/p>\n<p>Gheofar comhairle maidir le gear\u00e1n a dh\u00e9anamh faoin Acht um M\u00edchumas ar shu\u00edomh gr\u00e9as\u00e1in\u00a0<a href=\"https:\/\/www.ombudsman.ie\/disability-act\/make-a-complaint\/\">Oifig an Ombudsman<\/a>.<\/p>\n<p>Gheofar comhairle maidir le gear\u00e1n a dh\u00e9anamh faoin Acht um St\u00e1das Comhionann ar shu\u00edomh gr\u00e9as\u00e1in\u00a0<a href=\"https:\/\/www.workplacerelations.ie\/en\/what_you_should_know\/equal-status-and-employment-equality\/equal-status\/\">an Choimisi\u00fain um Chaidreamh san \u00c1it Oibre<\/a>.<\/p>\n<p><strong>\u00a0<\/strong><\/p>\n<p><strong>Ullmh\u00fa an R\u00e1itis Inrochtaineachta seo<\/strong><\/p>\n<p>T\u00e1 Oifig na nOibreacha Poibl\u00ed faoi r\u00e9ir faireach\u00e1n a dh\u00e9anann an \u00dadar\u00e1s N\u00e1isi\u00fanta M\u00edchumais air faoi Rialach\u00e1in an Aontais Eorpaigh maidir le hinrochtaineacht su\u00edomhanna gr\u00e9as\u00e1in agus feidhmchl\u00e1r m\u00f3ib\u00edleach de chuid comhlachta\u00ed san earn\u00e1il phoibl\u00ed, 2020. T\u00e1imid tiomanta d\u00e1r su\u00edmh ghr\u00e9as\u00e1in a bheith n\u00edos inrochtana agus a chinnti\u00fa go bhfuil faisn\u00e9is ar f\u00e1il do ch\u00e1ch.<\/p>\n<\/section>\n","protected":false},"excerpt":{"rendered":"<p>R\u00e1iteas Inrochtaineachta \u00a0 Aithn\u00edonn Oifig na nOibreacha Poibl\u00ed a th\u00e1bhachta\u00ed at\u00e1 s\u00e9 f\u00e9achaint chuige go bhfuil \u00e1r su\u00edomh gr\u00e9as\u00e1in inrochtana do ch\u00e1ch. T\u00e1imid tiomanta d\u00e1r su\u00edomh gr\u00e9as\u00e1in a dh\u00e9anamh inrochtana de r\u00e9ir \u00a0Rialach\u00e1in an Aontais Eorpaigh maidir le hinrochtaineacht su\u00edomhanna gr\u00e9as\u00e1in agus feidhmchl\u00e1r m\u00f3ib\u00edleach de chuid comhlachta\u00ed san earn\u00e1il phoibl\u00ed, 2020. B\u00edmid seasta ag obair&hellip; <a class=\"more-link\" href=\"https:\/\/rivershannongroup.ie\/ga\/accessibility-statement\/\">Continue reading <span class=\"screen-reader-text\">R\u00e1iteas Inrochtaineachta<\/span><\/a><\/p>\n","protected":false},"author":2,"featured_media":0,"parent":0,"menu_order":0,"comment_status":"closed","ping_status":"closed","template":"","meta":{"footnotes":""},"class_list":["post-437","page","type-page","status-publish","hentry","entry"],"yoast_head":"<!-- This site is optimized with the Yoast SEO plugin v27.6 - https:\/\/yoast.com\/product\/yoast-seo-wordpress\/ -->\n<title>R\u00e1iteas Inrochtaineachta - Shannon Flood Risk<\/title>\n<meta name=\"description\" content=\"Buna\u00edodh Gr\u00fapa Oibre Comhordaithe Ghn\u00edomhaireacht St\u00e1it Riosca Tuilte na Sionainne in 2016 chun feabhas a chur ar chomhoibri\u00fa lean\u00fanach\" \/>\n<meta name=\"robots\" content=\"index, follow, max-snippet:-1, max-image-preview:large, max-video-preview:-1\" \/>\n<link rel=\"canonical\" href=\"https:\/\/rivershannongroup.ie\/ga\/accessibility-statement\/\" \/>\n<meta property=\"og:locale\" content=\"en_US\" \/>\n<meta property=\"og:type\" content=\"article\" \/>\n<meta property=\"og:title\" content=\"R\u00e1iteas Inrochtaineachta - Shannon Flood Risk\" \/>\n<meta property=\"og:description\" content=\"Buna\u00edodh Gr\u00fapa Oibre Comhordaithe Ghn\u00edomhaireacht St\u00e1it Riosca Tuilte na Sionainne in 2016 chun feabhas a chur ar chomhoibri\u00fa lean\u00fanach\" \/>\n<meta property=\"og:url\" content=\"https:\/\/rivershannongroup.ie\/ga\/accessibility-statement\/\" \/>\n<meta property=\"og:site_name\" content=\"Shannon Flood Risk\" \/>\n<meta property=\"article:modified_time\" content=\"2025-05-07T13:20:46+00:00\" \/>\n<meta name=\"twitter:card\" content=\"summary_large_image\" \/>\n<meta name=\"twitter:label1\" content=\"Est. reading time\" \/>\n\t<meta name=\"twitter:data1\" content=\"2 minutes\" \/>\n<script type=\"application\/ld+json\" class=\"yoast-schema-graph\">{\"@context\":\"https:\\\/\\\/schema.org\",\"@graph\":[{\"@type\":\"WebPage\",\"@id\":\"https:\\\/\\\/rivershannongroup.ie\\\/ga\\\/accessibility-statement\\\/\",\"url\":\"https:\\\/\\\/rivershannongroup.ie\\\/ga\\\/accessibility-statement\\\/\",\"name\":\"R\u00e1iteas Inrochtaineachta - Shannon Flood Risk\",\"isPartOf\":{\"@id\":\"https:\\\/\\\/rivershannongroup.ie\\\/ga\\\/#website\"},\"datePublished\":\"2023-11-17T12:54:03+00:00\",\"dateModified\":\"2025-05-07T13:20:46+00:00\",\"description\":\"Buna\u00edodh Gr\u00fapa Oibre Comhordaithe Ghn\u00edomhaireacht St\u00e1it Riosca Tuilte na Sionainne in 2016 chun feabhas a chur ar chomhoibri\u00fa lean\u00fanach\",\"breadcrumb\":{\"@id\":\"https:\\\/\\\/rivershannongroup.ie\\\/ga\\\/accessibility-statement\\\/#breadcrumb\"},\"inLanguage\":\"en-US\",\"potentialAction\":[{\"@type\":\"ReadAction\",\"target\":[\"https:\\\/\\\/rivershannongroup.ie\\\/ga\\\/accessibility-statement\\\/\"]}]},{\"@type\":\"BreadcrumbList\",\"@id\":\"https:\\\/\\\/rivershannongroup.ie\\\/ga\\\/accessibility-statement\\\/#breadcrumb\",\"itemListElement\":[{\"@type\":\"ListItem\",\"position\":1,\"name\":\"Home\",\"item\":\"https:\\\/\\\/rivershannongroup.ie\\\/ga\\\/\"},{\"@type\":\"ListItem\",\"position\":2,\"name\":\"R\u00e1iteas Inrochtaineachta\"}]},{\"@type\":\"WebSite\",\"@id\":\"https:\\\/\\\/rivershannongroup.ie\\\/ga\\\/#website\",\"url\":\"https:\\\/\\\/rivershannongroup.ie\\\/ga\\\/\",\"name\":\"Shannon Flood Risk\",\"description\":\"\",\"potentialAction\":[{\"@type\":\"SearchAction\",\"target\":{\"@type\":\"EntryPoint\",\"urlTemplate\":\"https:\\\/\\\/rivershannongroup.ie\\\/ga\\\/?s={search_term_string}\"},\"query-input\":{\"@type\":\"PropertyValueSpecification\",\"valueRequired\":true,\"valueName\":\"search_term_string\"}}],\"inLanguage\":\"en-US\"}]}<\/script>\n<!-- \/ Yoast SEO plugin. -->","yoast_head_json":{"title":"R\u00e1iteas Inrochtaineachta - Shannon Flood Risk","description":"Buna\u00edodh Gr\u00fapa Oibre Comhordaithe Ghn\u00edomhaireacht St\u00e1it Riosca Tuilte na Sionainne in 2016 chun feabhas a chur ar chomhoibri\u00fa lean\u00fanach","robots":{"index":"index","follow":"follow","max-snippet":"max-snippet:-1","max-image-preview":"max-image-preview:large","max-video-preview":"max-video-preview:-1"},"canonical":"https:\/\/rivershannongroup.ie\/ga\/accessibility-statement\/","og_locale":"en_US","og_type":"article","og_title":"R\u00e1iteas Inrochtaineachta - Shannon Flood Risk","og_description":"Buna\u00edodh Gr\u00fapa Oibre Comhordaithe Ghn\u00edomhaireacht St\u00e1it Riosca Tuilte na Sionainne in 2016 chun feabhas a chur ar chomhoibri\u00fa lean\u00fanach","og_url":"https:\/\/rivershannongroup.ie\/ga\/accessibility-statement\/","og_site_name":"Shannon Flood Risk","article_modified_time":"2025-05-07T13:20:46+00:00","twitter_card":"summary_large_image","twitter_misc":{"Est. reading time":"2 minutes"},"schema":{"@context":"https:\/\/schema.org","@graph":[{"@type":"WebPage","@id":"https:\/\/rivershannongroup.ie\/ga\/accessibility-statement\/","url":"https:\/\/rivershannongroup.ie\/ga\/accessibility-statement\/","name":"R\u00e1iteas Inrochtaineachta - Shannon Flood Risk","isPartOf":{"@id":"https:\/\/rivershannongroup.ie\/ga\/#website"},"datePublished":"2023-11-17T12:54:03+00:00","dateModified":"2025-05-07T13:20:46+00:00","description":"Buna\u00edodh Gr\u00fapa Oibre Comhordaithe Ghn\u00edomhaireacht St\u00e1it Riosca Tuilte na Sionainne in 2016 chun feabhas a chur ar chomhoibri\u00fa lean\u00fanach","breadcrumb":{"@id":"https:\/\/rivershannongroup.ie\/ga\/accessibility-statement\/#breadcrumb"},"inLanguage":"en-US","potentialAction":[{"@type":"ReadAction","target":["https:\/\/rivershannongroup.ie\/ga\/accessibility-statement\/"]}]},{"@type":"BreadcrumbList","@id":"https:\/\/rivershannongroup.ie\/ga\/accessibility-statement\/#breadcrumb","itemListElement":[{"@type":"ListItem","position":1,"name":"Home","item":"https:\/\/rivershannongroup.ie\/ga\/"},{"@type":"ListItem","position":2,"name":"R\u00e1iteas Inrochtaineachta"}]},{"@type":"WebSite","@id":"https:\/\/rivershannongroup.ie\/ga\/#website","url":"https:\/\/rivershannongroup.ie\/ga\/","name":"Shannon Flood Risk","description":"","potentialAction":[{"@type":"SearchAction","target":{"@type":"EntryPoint","urlTemplate":"https:\/\/rivershannongroup.ie\/ga\/?s={search_term_string}"},"query-input":{"@type":"PropertyValueSpecification","valueRequired":true,"valueName":"search_term_string"}}],"inLanguage":"en-US"}]}},"_links":{"self":[{"href":"https:\/\/rivershannongroup.ie\/ga\/wp-json\/wp\/v2\/pages\/437","targetHints":{"allow":["GET"]}}],"collection":[{"href":"https:\/\/rivershannongroup.ie\/ga\/wp-json\/wp\/v2\/pages"}],"about":[{"href":"https:\/\/rivershannongroup.ie\/ga\/wp-json\/wp\/v2\/types\/page"}],"author":[{"embeddable":true,"href":"https:\/\/rivershannongroup.ie\/ga\/wp-json\/wp\/v2\/users\/2"}],"replies":[{"embeddable":true,"href":"https:\/\/rivershannongroup.ie\/ga\/wp-json\/wp\/v2\/comments?post=437"}],"version-history":[{"count":27,"href":"https:\/\/rivershannongroup.ie\/ga\/wp-json\/wp\/v2\/pages\/437\/revisions"}],"predecessor-version":[{"id":1805,"href":"https:\/\/rivershannongroup.ie\/ga\/wp-json\/wp\/v2\/pages\/437\/revisions\/1805"}],"wp:attachment":[{"href":"https:\/\/rivershannongroup.ie\/ga\/wp-json\/wp\/v2\/media?parent=437"}],"curies":[{"name":"wp","href":"https:\/\/api.w.org\/{rel}","templated":true}]}}