{"id":508,"date":"2023-11-22T11:16:54","date_gmt":"2023-11-22T11:16:54","guid":{"rendered":"https:\/\/rivershannongroup.ie\/?page_id=508"},"modified":"2025-05-07T13:33:41","modified_gmt":"2025-05-07T13:33:41","slug":"terms-of-reference","status":"publish","type":"page","link":"https:\/\/rivershannongroup.ie\/ga\/terms-of-reference\/","title":{"rendered":"T\u00e9arma\u00ed Tagartha"},"content":{"rendered":"\t\t<div data-elementor-type=\"wp-page\" data-elementor-id=\"508\" class=\"elementor elementor-508\">\n\t\t\t\t\t\t<section class=\"elementor-section elementor-top-section elementor-element elementor-element-5fdc5b2 elementor-section-full_width elementor-section-height-default elementor-section-height-default\" data-id=\"5fdc5b2\" data-element_type=\"section\" data-e-type=\"section\" data-settings=\"{&quot;background_background&quot;:&quot;classic&quot;}\">\n\t\t\t\t\t\t<div class=\"elementor-container elementor-column-gap-default\">\n\t\t\t\t\t<div class=\"elementor-column elementor-col-100 elementor-top-column elementor-element elementor-element-fb3cc39\" data-id=\"fb3cc39\" data-element_type=\"column\" data-e-type=\"column\">\n\t\t\t<div class=\"elementor-widget-wrap elementor-element-populated\">\n\t\t\t\t\t\t<div class=\"elementor-element elementor-element-2ba5e4f elementor-widget elementor-widget-text-editor\" data-id=\"2ba5e4f\" data-element_type=\"widget\" data-e-type=\"widget\" data-widget_type=\"text-editor.default\">\n\t\t\t\t<div class=\"elementor-widget-container\">\n\t\t\t\t\t\t\t\t\t<h1><strong>T\u00e9arma\u00ed Tagartha<\/strong><\/h1>\t\t\t\t\t\t\t\t<\/div>\n\t\t\t\t<\/div>\n\t\t\t\t\t<\/div>\n\t\t<\/div>\n\t\t\t\t\t<\/div>\n\t\t<\/section>\n\t\t\t\t<section class=\"elementor-section elementor-top-section elementor-element elementor-element-a2d3446 elementor-section-boxed elementor-section-height-default elementor-section-height-default\" data-id=\"a2d3446\" data-element_type=\"section\" data-e-type=\"section\">\n\t\t\t\t\t\t<div class=\"elementor-container elementor-column-gap-default\">\n\t\t\t\t\t<div class=\"elementor-column elementor-col-100 elementor-top-column elementor-element elementor-element-743559b\" data-id=\"743559b\" data-element_type=\"column\" data-e-type=\"column\">\n\t\t\t<div class=\"elementor-widget-wrap elementor-element-populated\">\n\t\t\t\t\t\t<div class=\"elementor-element elementor-element-214f6f4 elementor-widget elementor-widget-spacer\" data-id=\"214f6f4\" data-element_type=\"widget\" data-e-type=\"widget\" data-widget_type=\"spacer.default\">\n\t\t\t\t<div class=\"elementor-widget-container\">\n\t\t\t\t\t\t\t<div class=\"elementor-spacer\">\n\t\t\t<div class=\"elementor-spacer-inner\"><\/div>\n\t\t<\/div>\n\t\t\t\t\t\t<\/div>\n\t\t\t\t<\/div>\n\t\t\t\t\t<\/div>\n\t\t<\/div>\n\t\t\t\t\t<\/div>\n\t\t<\/section>\n\t\t\t\t<section class=\"elementor-section elementor-top-section elementor-element elementor-element-2fc1c07 elementor-section-boxed elementor-section-height-default elementor-section-height-default\" data-id=\"2fc1c07\" data-element_type=\"section\" data-e-type=\"section\">\n\t\t\t\t\t\t<div class=\"elementor-container elementor-column-gap-default\">\n\t\t\t\t\t<div class=\"elementor-column elementor-col-100 elementor-top-column elementor-element elementor-element-959e349\" data-id=\"959e349\" data-element_type=\"column\" data-e-type=\"column\">\n\t\t\t<div class=\"elementor-widget-wrap elementor-element-populated\">\n\t\t\t\t\t\t<div class=\"elementor-element elementor-element-c2836e7 elementor-widget elementor-widget-text-editor\" data-id=\"c2836e7\" data-element_type=\"widget\" data-e-type=\"widget\" data-widget_type=\"text-editor.default\">\n\t\t\t\t<div class=\"elementor-widget-container\">\n\t\t\t\t\t\t\t\t\t<h2><strong>An Mheitheal um Chomhord\u00fa na nGn\u00edomhaireachta\u00ed St\u00e1it i leith Phriacal Tuile na Sionainne<\/strong><\/h2><p><strong>\u00a0<\/strong><\/p><p>Bhunaigh an Rialtas an Mheitheal um Chomhord\u00fa na nGn\u00edomhaireachta\u00ed St\u00e1it i leith Phriacal Tuile na Sionainne go luath in 2016 chun feabhas a chur ar an gcomhoibri\u00fa lean\u00fanach i measc na nGn\u00edomhaireachta\u00ed St\u00e1it ar fad a bh\u00edonn ag pl\u00e9 leis an tSionainn.<\/p><p>\u00a0<\/p><p>T\u00e1 na comhalta\u00ed seo a leanas sa Mheitheal agus is comhalta d\u2019Oifig na nOibreacha Poibl\u00ed at\u00e1 i mbun cathaoirleachta uirthi.<\/p>\t\t\t\t\t\t\t\t<\/div>\n\t\t\t\t<\/div>\n\t\t\t\t<div class=\"elementor-element elementor-element-a729f57 elementor-widget elementor-widget-spacer\" data-id=\"a729f57\" data-element_type=\"widget\" data-e-type=\"widget\" data-widget_type=\"spacer.default\">\n\t\t\t\t<div class=\"elementor-widget-container\">\n\t\t\t\t\t\t\t<div class=\"elementor-spacer\">\n\t\t\t<div class=\"elementor-spacer-inner\"><\/div>\n\t\t<\/div>\n\t\t\t\t\t\t<\/div>\n\t\t\t\t<\/div>\n\t\t\t\t\t<\/div>\n\t\t<\/div>\n\t\t\t\t\t<\/div>\n\t\t<\/section>\n\t\t\t\t<section class=\"elementor-section elementor-top-section elementor-element elementor-element-52b024d elementor-section-boxed elementor-section-height-default elementor-section-height-default\" data-id=\"52b024d\" data-element_type=\"section\" data-e-type=\"section\">\n\t\t\t\t\t\t<div class=\"elementor-container elementor-column-gap-default\">\n\t\t\t\t\t<div class=\"elementor-column elementor-col-100 elementor-top-column elementor-element elementor-element-52b5b38\" data-id=\"52b5b38\" data-element_type=\"column\" data-e-type=\"column\">\n\t\t\t<div class=\"elementor-widget-wrap elementor-element-populated\">\n\t\t\t\t\t\t<div class=\"elementor-element elementor-element-d9ddaa2 elementor-widget elementor-widget-text-editor\" data-id=\"d9ddaa2\" data-element_type=\"widget\" data-e-type=\"widget\" data-widget_type=\"text-editor.default\">\n\t\t\t\t<div class=\"elementor-widget-container\">\n\t\t\t\t\t\t\t\t\t<h3><strong>Comhalta\u00ed na Meithle um Chomhord\u00fa na nGn\u00edomhaireachta\u00ed St\u00e1it i leith Phriacal Tuile na Sionainne:<\/strong><\/h3><p><strong>\u00a0<\/strong><\/p><p>Is Pr\u00edomhfheidhmeannach n\u00f3 duine ar leibh\u00e9al comhionann sna Gn\u00edomhaireachta\u00ed St\u00e1it seo a leanas iad comhalta\u00ed na Meithle:<\/p><ol><li>Oifig na nOibreacha Poibl\u00ed<\/li><li>\u00fadar\u00e1is \u00e1iti\u00fala, a bhfuil Cumann na mBainisteoir\u00ed Contae agus Cathrach ag d\u00e9anamh ionada\u00edochta d\u00f3ibh<\/li><li>Uiscebheala\u00ed \u00c9ireann<\/li><li>Bord Sol\u00e1thair an Leictreachais<\/li><li>Iascach Int\u00edre \u00c9ireann<\/li><li>An Roinn Eala\u00edon, Oidhreachta, Gn\u00f3tha\u00ed R\u00e9igi\u00fanacha, Tuaithe agus Gaeltachta<\/li><li>An Roinn Tith\u00edochta, Plean\u00e1la, Pobail agus Rialtais \u00c1iti\u00fail<\/li><li>Bord na M\u00f3na<\/li><li>An Ghn\u00edomhaireacht um Chaomhn\u00fa Comhshaoil<\/li><li>Uisce \u00c9ireann<\/li><\/ol><p>F\u00e9adfaidh Oifig an Ard-Aighne agus Ranna Rialtais eile a bheith rannph\u00e1irteach freisin, m\u00e1 iarrann an Cathaoirleach \u00e9.<\/p>\t\t\t\t\t\t\t\t<\/div>\n\t\t\t\t<\/div>\n\t\t\t\t<div class=\"elementor-element elementor-element-18c8d5d elementor-widget elementor-widget-spacer\" data-id=\"18c8d5d\" data-element_type=\"widget\" data-e-type=\"widget\" data-widget_type=\"spacer.default\">\n\t\t\t\t<div class=\"elementor-widget-container\">\n\t\t\t\t\t\t\t<div class=\"elementor-spacer\">\n\t\t\t<div class=\"elementor-spacer-inner\"><\/div>\n\t\t<\/div>\n\t\t\t\t\t\t<\/div>\n\t\t\t\t<\/div>\n\t\t\t\t\t<\/div>\n\t\t<\/div>\n\t\t\t\t\t<\/div>\n\t\t<\/section>\n\t\t\t\t<section class=\"elementor-section elementor-top-section elementor-element elementor-element-cbae48c elementor-section-boxed elementor-section-height-default elementor-section-height-default\" data-id=\"cbae48c\" data-element_type=\"section\" data-e-type=\"section\">\n\t\t\t\t\t\t<div class=\"elementor-container elementor-column-gap-default\">\n\t\t\t\t\t<div class=\"elementor-column elementor-col-100 elementor-top-column elementor-element elementor-element-fff6b9d\" data-id=\"fff6b9d\" data-element_type=\"column\" data-e-type=\"column\">\n\t\t\t<div class=\"elementor-widget-wrap elementor-element-populated\">\n\t\t\t\t\t\t<div class=\"elementor-element elementor-element-a9b1f26 elementor-widget elementor-widget-text-editor\" data-id=\"a9b1f26\" data-element_type=\"widget\" data-e-type=\"widget\" data-widget_type=\"text-editor.default\">\n\t\t\t\t<div class=\"elementor-widget-container\">\n\t\t\t\t\t\t\t\t\t<h3><strong>Is iad seo a leanas T\u00e9arma\u00ed Tagartha na Meithle:<\/strong><\/h3><p><strong>\u00a0<\/strong><\/p><p><strong>Ar bhonn eolas \u00f3n gCl\u00e1r N\u00e1isi\u00fanta Meas\u00fanaithe agus Bainist\u00edochta Riosca Tuile i nDobharcheantair agus chun an baol tuile i ndobharcheantar na Sionainne a bhainisti\u00fa agus a mhaol\u00fa go h\u00e9ifeachtach, d\u00e9anfaidh an Mheitheal an m\u00e9id seo a leanas:<\/strong><\/p><ol><li>Cl\u00e1r Oibre Riosca Tuile na Sionainne a fhorbairt agus a aont\u00fa (le pr\u00edomhth\u00e1scair\u00ed feidhm\u00edochta \u00f3 thaobh aschuir) chun d\u00edri\u00fa ar ghn\u00edomhartha agus gn\u00edomha\u00edochta\u00ed chun riosca tuilte a bhainisti\u00fa i leith dhobharcheantar na Sionainne, agus chun na riosca\u00ed sin a chur in ord tosa\u00edochta.<\/li><li>Sti\u00faradh agus treoir chomhordaithe a shol\u00e1thar lena chinnti\u00fa go gcuirfidh gn\u00edomhaireachta\u00ed St\u00e1it i bhfeidhm a gcl\u00e1r oibre comhph\u00e1irteach maidir le bainist\u00edocht a dh\u00e9anamh ar riosca tuile, chun a r\u00f3l reacht\u00fail a chomhl\u00edonadh.<\/li><li>Treoirl\u00ednte agus pr\u00f3tacail a ghlacadh agus\/n\u00f3 a fhorbairt chun bonn eolais a chur faoi chomhord\u00fa agus comhar n\u00edos fearr idir Gn\u00edomhaireachta\u00ed St\u00e1it agus\/n\u00f3 cuidi\u00fa leis sin.<\/li><li>Ar bhonn ini\u00fachadh ar r\u00f3il agus freagrachta\u00ed maidir le bainist\u00edocht a dh\u00e9anamh ar riosca tuile i ndobharcheantar na Sionainne, soil\u00e9ireacht a lorg maidir le haon saincheisteanna dl\u00ed agus beartais chun bonn eolais a chur faoina cuid oibre.<\/li><li>Dul i gcomhairle le comhlachta\u00ed eile, lena n-\u00e1ir\u00edtear comhlachta\u00ed deonacha agus pobail.<\/li><li>Treoir maidir le r\u00f3il agus freagrachta\u00ed a chur ar f\u00e1il do chomhlachta\u00ed neamhreacht\u00fala a bhfuil baint acu leis an riosca tuile a bhainisti\u00fa i ndobharcheantar na Sionainne.<\/li><li>Nuair a bheidh an Staid\u00e9ar Meas\u00fanaithe agus Bainist\u00edochta Riosca i gc\u00e1s Tuilte i nDobharcheantar na Sionainne (CFRAM na Sionainne) aontaithe, faireach\u00e1n agus tuairisci\u00fa r\u00e1ithi\u00fail a dh\u00e9anamh ar a chur i bhfeidhm.<\/li><li>Strucht\u00fair eile a fhorbairt mar chur chuige \u00e9ifeachtach i dtaobh a cuid oibre a chur chun cinn agus a threor\u00fa.<\/li><\/ol>\t\t\t\t\t\t\t\t<\/div>\n\t\t\t\t<\/div>\n\t\t\t\t\t<\/div>\n\t\t<\/div>\n\t\t\t\t\t<\/div>\n\t\t<\/section>\n\t\t\t\t<section class=\"elementor-section elementor-top-section elementor-element elementor-element-0baea26 elementor-section-boxed elementor-section-height-default elementor-section-height-default\" data-id=\"0baea26\" data-element_type=\"section\" data-e-type=\"section\">\n\t\t\t\t\t\t<div class=\"elementor-container elementor-column-gap-default\">\n\t\t\t\t\t<div class=\"elementor-column elementor-col-100 elementor-top-column elementor-element elementor-element-6698896\" data-id=\"6698896\" data-element_type=\"column\" data-e-type=\"column\">\n\t\t\t<div class=\"elementor-widget-wrap elementor-element-populated\">\n\t\t\t\t\t\t<div class=\"elementor-element elementor-element-427a3bb elementor-widget elementor-widget-spacer\" data-id=\"427a3bb\" data-element_type=\"widget\" data-e-type=\"widget\" data-widget_type=\"spacer.default\">\n\t\t\t\t<div class=\"elementor-widget-container\">\n\t\t\t\t\t\t\t<div class=\"elementor-spacer\">\n\t\t\t<div class=\"elementor-spacer-inner\"><\/div>\n\t\t<\/div>\n\t\t\t\t\t\t<\/div>\n\t\t\t\t<\/div>\n\t\t\t\t\t<\/div>\n\t\t<\/div>\n\t\t\t\t\t<\/div>\n\t\t<\/section>\n\t\t\t\t<\/div>\n\t\t","protected":false},"excerpt":{"rendered":"<p>T\u00e9arma\u00ed Tagartha An Mheitheal um Chomhord\u00fa na nGn\u00edomhaireachta\u00ed St\u00e1it i leith Phriacal Tuile na Sionainne \u00a0 Bhunaigh an Rialtas an Mheitheal um Chomhord\u00fa na nGn\u00edomhaireachta\u00ed St\u00e1it i leith Phriacal Tuile na Sionainne go luath in 2016 chun feabhas a chur ar an gcomhoibri\u00fa lean\u00fanach i measc na nGn\u00edomhaireachta\u00ed St\u00e1it ar fad a bh\u00edonn ag pl\u00e9&hellip; <a class=\"more-link\" href=\"https:\/\/rivershannongroup.ie\/ga\/terms-of-reference\/\">Continue reading <span class=\"screen-reader-text\">T\u00e9arma\u00ed Tagartha<\/span><\/a><\/p>\n","protected":false},"author":1,"featured_media":0,"parent":0,"menu_order":0,"comment_status":"closed","ping_status":"closed","template":"","meta":{"footnotes":""},"class_list":["post-508","page","type-page","status-publish","hentry","entry"],"yoast_head":"<!-- This site is optimized with the Yoast SEO plugin v27.3 - https:\/\/yoast.com\/product\/yoast-seo-wordpress\/ -->\n<title>T\u00e9arma\u00ed Tagartha - Shannon Flood Risk<\/title>\n<meta name=\"description\" content=\"Bhunaigh an Rialtas Meitheal Comhordaithe Ghn\u00edomhaireacht St\u00e1it Riosca Tuilte na Sionainne go luath in 2016 chun feabhas a chur ar...\" \/>\n<meta name=\"robots\" content=\"index, follow, max-snippet:-1, max-image-preview:large, max-video-preview:-1\" \/>\n<link rel=\"canonical\" href=\"https:\/\/rivershannongroup.ie\/ga\/terms-of-reference\/\" \/>\n<meta property=\"og:locale\" content=\"en_US\" \/>\n<meta property=\"og:type\" content=\"article\" \/>\n<meta property=\"og:title\" content=\"T\u00e9arma\u00ed Tagartha - Shannon Flood Risk\" \/>\n<meta property=\"og:description\" content=\"Bhunaigh an Rialtas Meitheal Comhordaithe Ghn\u00edomhaireacht St\u00e1it Riosca Tuilte na Sionainne go luath in 2016 chun feabhas a chur ar...\" \/>\n<meta property=\"og:url\" content=\"https:\/\/rivershannongroup.ie\/ga\/terms-of-reference\/\" \/>\n<meta property=\"og:site_name\" content=\"Shannon Flood Risk\" \/>\n<meta property=\"article:modified_time\" content=\"2025-05-07T13:33:41+00:00\" \/>\n<meta name=\"twitter:card\" content=\"summary_large_image\" \/>\n<meta name=\"twitter:label1\" content=\"Est. reading time\" \/>\n\t<meta name=\"twitter:data1\" content=\"2 minutes\" \/>\n<script type=\"application\/ld+json\" class=\"yoast-schema-graph\">{\"@context\":\"https:\\\/\\\/schema.org\",\"@graph\":[{\"@type\":\"WebPage\",\"@id\":\"https:\\\/\\\/rivershannongroup.ie\\\/ga\\\/terms-of-reference\\\/\",\"url\":\"https:\\\/\\\/rivershannongroup.ie\\\/ga\\\/terms-of-reference\\\/\",\"name\":\"T\u00e9arma\u00ed Tagartha - Shannon Flood Risk\",\"isPartOf\":{\"@id\":\"https:\\\/\\\/rivershannongroup.ie\\\/ga\\\/#website\"},\"datePublished\":\"2023-11-22T11:16:54+00:00\",\"dateModified\":\"2025-05-07T13:33:41+00:00\",\"description\":\"Bhunaigh an Rialtas Meitheal Comhordaithe Ghn\u00edomhaireacht St\u00e1it Riosca Tuilte na Sionainne go luath in 2016 chun feabhas a chur ar...\",\"breadcrumb\":{\"@id\":\"https:\\\/\\\/rivershannongroup.ie\\\/ga\\\/terms-of-reference\\\/#breadcrumb\"},\"inLanguage\":\"en-US\",\"potentialAction\":[{\"@type\":\"ReadAction\",\"target\":[\"https:\\\/\\\/rivershannongroup.ie\\\/ga\\\/terms-of-reference\\\/\"]}]},{\"@type\":\"BreadcrumbList\",\"@id\":\"https:\\\/\\\/rivershannongroup.ie\\\/ga\\\/terms-of-reference\\\/#breadcrumb\",\"itemListElement\":[{\"@type\":\"ListItem\",\"position\":1,\"name\":\"Home\",\"item\":\"https:\\\/\\\/rivershannongroup.ie\\\/ga\\\/\"},{\"@type\":\"ListItem\",\"position\":2,\"name\":\"T\u00e9arma\u00ed Tagartha\"}]},{\"@type\":\"WebSite\",\"@id\":\"https:\\\/\\\/rivershannongroup.ie\\\/ga\\\/#website\",\"url\":\"https:\\\/\\\/rivershannongroup.ie\\\/ga\\\/\",\"name\":\"Shannon Flood Risk\",\"description\":\"\",\"potentialAction\":[{\"@type\":\"SearchAction\",\"target\":{\"@type\":\"EntryPoint\",\"urlTemplate\":\"https:\\\/\\\/rivershannongroup.ie\\\/ga\\\/?s={search_term_string}\"},\"query-input\":{\"@type\":\"PropertyValueSpecification\",\"valueRequired\":true,\"valueName\":\"search_term_string\"}}],\"inLanguage\":\"en-US\"}]}<\/script>\n<!-- \/ Yoast SEO plugin. -->","yoast_head_json":{"title":"T\u00e9arma\u00ed Tagartha - Shannon Flood Risk","description":"Bhunaigh an Rialtas Meitheal Comhordaithe Ghn\u00edomhaireacht St\u00e1it Riosca Tuilte na Sionainne go luath in 2016 chun feabhas a chur ar...","robots":{"index":"index","follow":"follow","max-snippet":"max-snippet:-1","max-image-preview":"max-image-preview:large","max-video-preview":"max-video-preview:-1"},"canonical":"https:\/\/rivershannongroup.ie\/ga\/terms-of-reference\/","og_locale":"en_US","og_type":"article","og_title":"T\u00e9arma\u00ed Tagartha - Shannon Flood Risk","og_description":"Bhunaigh an Rialtas Meitheal Comhordaithe Ghn\u00edomhaireacht St\u00e1it Riosca Tuilte na Sionainne go luath in 2016 chun feabhas a chur ar...","og_url":"https:\/\/rivershannongroup.ie\/ga\/terms-of-reference\/","og_site_name":"Shannon Flood Risk","article_modified_time":"2025-05-07T13:33:41+00:00","twitter_card":"summary_large_image","twitter_misc":{"Est. reading time":"2 minutes"},"schema":{"@context":"https:\/\/schema.org","@graph":[{"@type":"WebPage","@id":"https:\/\/rivershannongroup.ie\/ga\/terms-of-reference\/","url":"https:\/\/rivershannongroup.ie\/ga\/terms-of-reference\/","name":"T\u00e9arma\u00ed Tagartha - Shannon Flood Risk","isPartOf":{"@id":"https:\/\/rivershannongroup.ie\/ga\/#website"},"datePublished":"2023-11-22T11:16:54+00:00","dateModified":"2025-05-07T13:33:41+00:00","description":"Bhunaigh an Rialtas Meitheal Comhordaithe Ghn\u00edomhaireacht St\u00e1it Riosca Tuilte na Sionainne go luath in 2016 chun feabhas a chur ar...","breadcrumb":{"@id":"https:\/\/rivershannongroup.ie\/ga\/terms-of-reference\/#breadcrumb"},"inLanguage":"en-US","potentialAction":[{"@type":"ReadAction","target":["https:\/\/rivershannongroup.ie\/ga\/terms-of-reference\/"]}]},{"@type":"BreadcrumbList","@id":"https:\/\/rivershannongroup.ie\/ga\/terms-of-reference\/#breadcrumb","itemListElement":[{"@type":"ListItem","position":1,"name":"Home","item":"https:\/\/rivershannongroup.ie\/ga\/"},{"@type":"ListItem","position":2,"name":"T\u00e9arma\u00ed Tagartha"}]},{"@type":"WebSite","@id":"https:\/\/rivershannongroup.ie\/ga\/#website","url":"https:\/\/rivershannongroup.ie\/ga\/","name":"Shannon Flood Risk","description":"","potentialAction":[{"@type":"SearchAction","target":{"@type":"EntryPoint","urlTemplate":"https:\/\/rivershannongroup.ie\/ga\/?s={search_term_string}"},"query-input":{"@type":"PropertyValueSpecification","valueRequired":true,"valueName":"search_term_string"}}],"inLanguage":"en-US"}]}},"_links":{"self":[{"href":"https:\/\/rivershannongroup.ie\/ga\/wp-json\/wp\/v2\/pages\/508","targetHints":{"allow":["GET"]}}],"collection":[{"href":"https:\/\/rivershannongroup.ie\/ga\/wp-json\/wp\/v2\/pages"}],"about":[{"href":"https:\/\/rivershannongroup.ie\/ga\/wp-json\/wp\/v2\/types\/page"}],"author":[{"embeddable":true,"href":"https:\/\/rivershannongroup.ie\/ga\/wp-json\/wp\/v2\/users\/1"}],"replies":[{"embeddable":true,"href":"https:\/\/rivershannongroup.ie\/ga\/wp-json\/wp\/v2\/comments?post=508"}],"version-history":[{"count":27,"href":"https:\/\/rivershannongroup.ie\/ga\/wp-json\/wp\/v2\/pages\/508\/revisions"}],"predecessor-version":[{"id":1861,"href":"https:\/\/rivershannongroup.ie\/ga\/wp-json\/wp\/v2\/pages\/508\/revisions\/1861"}],"wp:attachment":[{"href":"https:\/\/rivershannongroup.ie\/ga\/wp-json\/wp\/v2\/media?parent=508"}],"curies":[{"name":"wp","href":"https:\/\/api.w.org\/{rel}","templated":true}]}}