{"id":654,"date":"2023-11-24T16:17:40","date_gmt":"2023-11-24T16:17:40","guid":{"rendered":"https:\/\/rivershannongroup.ie\/?page_id=654"},"modified":"2025-05-07T13:25:08","modified_gmt":"2025-05-07T13:25:08","slug":"investment","status":"publish","type":"page","link":"https:\/\/rivershannongroup.ie\/ga\/investment\/","title":{"rendered":"Infheist\u00edocht"},"content":{"rendered":"\t\t<div data-elementor-type=\"wp-page\" data-elementor-id=\"654\" class=\"elementor elementor-654\">\n\t\t\t\t\t\t<section class=\"elementor-section elementor-top-section elementor-element elementor-element-ef5b3ed elementor-section-boxed elementor-section-height-default elementor-section-height-default\" data-id=\"ef5b3ed\" data-element_type=\"section\" data-e-type=\"section\">\n\t\t\t\t\t\t<div class=\"elementor-container elementor-column-gap-default\">\n\t\t\t\t\t<div class=\"elementor-column elementor-col-100 elementor-top-column elementor-element elementor-element-748fec6\" data-id=\"748fec6\" data-element_type=\"column\" data-e-type=\"column\">\n\t\t\t<div class=\"elementor-widget-wrap elementor-element-populated\">\n\t\t\t\t\t\t<div class=\"elementor-element elementor-element-3144225 elementor-widget elementor-widget-shortcode\" data-id=\"3144225\" data-element_type=\"widget\" data-e-type=\"widget\" data-widget_type=\"shortcode.default\">\n\t\t\t\t<div class=\"elementor-widget-container\">\n\t\t\t\t\t\t\t<div class=\"elementor-shortcode\"><\/div>\n\t\t\t\t\t\t<\/div>\n\t\t\t\t<\/div>\n\t\t\t\t\t<\/div>\n\t\t<\/div>\n\t\t\t\t\t<\/div>\n\t\t<\/section>\n\t\t\t\t<section class=\"elementor-section elementor-top-section elementor-element elementor-element-c6e5120 elementor-section-boxed elementor-section-height-default elementor-section-height-default\" data-id=\"c6e5120\" data-element_type=\"section\" data-e-type=\"section\">\n\t\t\t\t\t\t<div class=\"elementor-container elementor-column-gap-default\">\n\t\t\t\t\t<div class=\"elementor-column elementor-col-100 elementor-top-column elementor-element elementor-element-d1b934e\" data-id=\"d1b934e\" data-element_type=\"column\" data-e-type=\"column\">\n\t\t\t<div class=\"elementor-widget-wrap elementor-element-populated\">\n\t\t\t\t\t\t<section class=\"elementor-section elementor-inner-section elementor-element elementor-element-1135274 elementor-section-full_width elementor-section-height-default elementor-section-height-default\" data-id=\"1135274\" data-element_type=\"section\" data-e-type=\"section\" data-settings=\"{&quot;background_background&quot;:&quot;classic&quot;}\">\n\t\t\t\t\t\t<div class=\"elementor-container elementor-column-gap-wide\">\n\t\t\t\t\t<div class=\"elementor-column elementor-col-50 elementor-inner-column elementor-element elementor-element-0d9aff1 content-block-tablet-mobile-top\" data-id=\"0d9aff1\" data-element_type=\"column\" data-e-type=\"column\">\n\t\t\t<div class=\"elementor-widget-wrap elementor-element-populated\">\n\t\t\t\t\t\t<div class=\"elementor-element elementor-element-fff00dc elementor-widget elementor-widget-image\" data-id=\"fff00dc\" data-element_type=\"widget\" data-e-type=\"widget\" data-widget_type=\"image.default\">\n\t\t\t\t<div class=\"elementor-widget-container\">\n\t\t\t\t\t\t\t\t\t\t\t\t\t\t\t<img fetchpriority=\"high\" decoding=\"async\" width=\"560\" height=\"500\" src=\"https:\/\/rivershannongroup.ie\/ga\/wp-content\/uploads\/2023\/11\/Layout-image-boat.jpg\" class=\"attachment-large size-large wp-image-460\" alt=\"Boat on river\" srcset=\"https:\/\/rivershannongroup.ie\/ga\/wp-content\/uploads\/2023\/11\/Layout-image-boat.jpg 560w, https:\/\/rivershannongroup.ie\/ga\/wp-content\/uploads\/2023\/11\/Layout-image-boat-300x268.jpg 300w\" sizes=\"(max-width: 560px) 100vw, 560px\" style=\"width:100%;height:89.29%;max-width:560px\" \/>\t\t\t\t\t\t\t\t\t\t\t\t\t\t\t<\/div>\n\t\t\t\t<\/div>\n\t\t\t\t\t<\/div>\n\t\t<\/div>\n\t\t\t\t<div class=\"elementor-column elementor-col-50 elementor-inner-column elementor-element elementor-element-8826a4f\" data-id=\"8826a4f\" data-element_type=\"column\" data-e-type=\"column\">\n\t\t\t<div class=\"elementor-widget-wrap elementor-element-populated\">\n\t\t\t\t\t\t<div class=\"elementor-element elementor-element-59534c5 yellow-underline elementor-widget elementor-widget-heading\" data-id=\"59534c5\" data-element_type=\"widget\" data-e-type=\"widget\" data-widget_type=\"heading.default\">\n\t\t\t\t<div class=\"elementor-widget-container\">\n\t\t\t\t\t<h2 class=\"elementor-heading-title elementor-size-default\">Infheist\u00edocht<\/h2>\t\t\t\t<\/div>\n\t\t\t\t<\/div>\n\t\t\t\t<div class=\"elementor-element elementor-element-7194194 elementor-widget elementor-widget-text-editor\" data-id=\"7194194\" data-element_type=\"widget\" data-e-type=\"widget\" data-widget_type=\"text-editor.default\">\n\t\t\t\t<div class=\"elementor-widget-container\">\n\t\t\t\t\t\t\t\t\t<p>T\u00e1 \u20ac1.3 billi\u00fan geallta thar shaolr\u00e9 an Phlean Forbartha N\u00e1isi\u00fanta go dt\u00ed 2030 chun thart ar 23,000 ionad r\u00e9admhaoine a chosaint i bpobail at\u00e1 i mbaol tuile \u00f3 aibhneacha n\u00f3 tuilte c\u00f3sta. Nuair a bheidh na bearta sin curtha i gcr\u00edch, beidh cosaint ag 95% de na hionaid r\u00e9admhaoine a aithn\u00edodh go bhfuil baol nach beag ann go bhf\u00e9adfadh tuilte dul i bhfeidhm orthu. T\u00e1 49 sc\u00e9im cosanta tuilte san ioml\u00e1n beartaithe do Cheantar Abhantra\u00ed na Sionainne. T\u00e1 13 sc\u00e9im acu sin curtha i gcr\u00edch cheana f\u00e9in, ar bhonn infheist\u00edocht de bhreis is \u20ac70 milli\u00fan.<\/p><p>\u00a0<\/p><p>Infheisteofar breis is \u20ac300 milli\u00fan eile chun \u00edoc as 36 sc\u00e9im eile a chuirfear i bhfeidhm in dh\u00e1 ch\u00e9im sna blianta amach romhainn. T\u00e1 25 sc\u00e9im acu sin idir l\u00e1mha cheana f\u00e9in agus iad ag c\u00e9imeanna \u00e9ags\u00fala \u00f3 fhorbairt c\u00e1sanna gn\u00f3 agus plean\u00e1il, dearadh agus forbairt, tr\u00edd s\u00edos go dt\u00ed cur i bhfeidhm agus t\u00f3g\u00e1il.<\/p>\t\t\t\t\t\t\t\t<\/div>\n\t\t\t\t<\/div>\n\t\t\t\t\t<\/div>\n\t\t<\/div>\n\t\t\t\t\t<\/div>\n\t\t<\/section>\n\t\t\t\t\t<\/div>\n\t\t<\/div>\n\t\t\t\t\t<\/div>\n\t\t<\/section>\n\t\t\t\t<\/div>\n\t\t","protected":false},"excerpt":{"rendered":"<p>Infheist\u00edocht T\u00e1 \u20ac1.3 billi\u00fan geallta thar shaolr\u00e9 an Phlean Forbartha N\u00e1isi\u00fanta go dt\u00ed 2030 chun thart ar 23,000 ionad r\u00e9admhaoine a chosaint i bpobail at\u00e1 i mbaol tuile \u00f3 aibhneacha n\u00f3 tuilte c\u00f3sta. Nuair a bheidh na bearta sin curtha i gcr\u00edch, beidh cosaint ag 95% de na hionaid r\u00e9admhaoine a aithn\u00edodh go bhfuil baol&hellip; <a class=\"more-link\" href=\"https:\/\/rivershannongroup.ie\/ga\/investment\/\">Continue reading <span class=\"screen-reader-text\">Infheist\u00edocht<\/span><\/a><\/p>\n","protected":false},"author":1,"featured_media":0,"parent":0,"menu_order":0,"comment_status":"closed","ping_status":"closed","template":"","meta":{"footnotes":""},"class_list":["post-654","page","type-page","status-publish","hentry","entry"],"yoast_head":"<!-- This site is optimized with the Yoast SEO plugin v27.5 - https:\/\/yoast.com\/product\/yoast-seo-wordpress\/ -->\n<title>Infheist\u00edocht - Shannon Flood Risk<\/title>\n<meta name=\"description\" content=\"T\u00e1 \u20ac1.3 billi\u00fan geallta mar infheist\u00edocht i mbaol tuilte ar feadh an tsaoil agus bhain 11 pobal i CA na Sionainne leas as...\" \/>\n<meta name=\"robots\" content=\"index, follow, max-snippet:-1, max-image-preview:large, max-video-preview:-1\" \/>\n<link rel=\"canonical\" href=\"https:\/\/rivershannongroup.ie\/ga\/investment\/\" \/>\n<meta property=\"og:locale\" content=\"en_US\" \/>\n<meta property=\"og:type\" content=\"article\" \/>\n<meta property=\"og:title\" content=\"Infheist\u00edocht - Shannon Flood Risk\" \/>\n<meta property=\"og:description\" content=\"T\u00e1 \u20ac1.3 billi\u00fan geallta mar infheist\u00edocht i mbaol tuilte ar feadh an tsaoil agus bhain 11 pobal i CA na Sionainne leas as...\" \/>\n<meta property=\"og:url\" content=\"https:\/\/rivershannongroup.ie\/ga\/investment\/\" \/>\n<meta property=\"og:site_name\" content=\"Shannon Flood Risk\" \/>\n<meta property=\"article:modified_time\" content=\"2025-05-07T13:25:08+00:00\" \/>\n<meta property=\"og:image\" content=\"https:\/\/rivershannongroup.ie\/ga\/wp-content\/uploads\/2023\/11\/Layout-image-boat.jpg\" \/>\n<meta name=\"twitter:card\" content=\"summary_large_image\" \/>\n<meta name=\"twitter:label1\" content=\"Est. reading time\" \/>\n\t<meta name=\"twitter:data1\" content=\"1 minute\" \/>\n<script type=\"application\/ld+json\" class=\"yoast-schema-graph\">{\"@context\":\"https:\\\/\\\/schema.org\",\"@graph\":[{\"@type\":\"WebPage\",\"@id\":\"https:\\\/\\\/rivershannongroup.ie\\\/ga\\\/investment\\\/\",\"url\":\"https:\\\/\\\/rivershannongroup.ie\\\/ga\\\/investment\\\/\",\"name\":\"Infheist\u00edocht - Shannon Flood Risk\",\"isPartOf\":{\"@id\":\"https:\\\/\\\/rivershannongroup.ie\\\/ga\\\/#website\"},\"primaryImageOfPage\":{\"@id\":\"https:\\\/\\\/rivershannongroup.ie\\\/ga\\\/investment\\\/#primaryimage\"},\"image\":{\"@id\":\"https:\\\/\\\/rivershannongroup.ie\\\/ga\\\/investment\\\/#primaryimage\"},\"thumbnailUrl\":\"https:\\\/\\\/rivershannongroup.ie\\\/ga\\\/wp-content\\\/uploads\\\/2023\\\/11\\\/Layout-image-boat.jpg\",\"datePublished\":\"2023-11-24T16:17:40+00:00\",\"dateModified\":\"2025-05-07T13:25:08+00:00\",\"description\":\"T\u00e1 \u20ac1.3 billi\u00fan geallta mar infheist\u00edocht i mbaol tuilte ar feadh an tsaoil agus bhain 11 pobal i CA na Sionainne leas as...\",\"breadcrumb\":{\"@id\":\"https:\\\/\\\/rivershannongroup.ie\\\/ga\\\/investment\\\/#breadcrumb\"},\"inLanguage\":\"en-US\",\"potentialAction\":[{\"@type\":\"ReadAction\",\"target\":[\"https:\\\/\\\/rivershannongroup.ie\\\/ga\\\/investment\\\/\"]}]},{\"@type\":\"ImageObject\",\"inLanguage\":\"en-US\",\"@id\":\"https:\\\/\\\/rivershannongroup.ie\\\/ga\\\/investment\\\/#primaryimage\",\"url\":\"https:\\\/\\\/rivershannongroup.ie\\\/ga\\\/wp-content\\\/uploads\\\/2023\\\/11\\\/Layout-image-boat.jpg\",\"contentUrl\":\"https:\\\/\\\/rivershannongroup.ie\\\/ga\\\/wp-content\\\/uploads\\\/2023\\\/11\\\/Layout-image-boat.jpg\",\"width\":560,\"height\":500,\"caption\":\"Boat on river\"},{\"@type\":\"BreadcrumbList\",\"@id\":\"https:\\\/\\\/rivershannongroup.ie\\\/ga\\\/investment\\\/#breadcrumb\",\"itemListElement\":[{\"@type\":\"ListItem\",\"position\":1,\"name\":\"Home\",\"item\":\"https:\\\/\\\/rivershannongroup.ie\\\/ga\\\/\"},{\"@type\":\"ListItem\",\"position\":2,\"name\":\"Infheist\u00edocht\"}]},{\"@type\":\"WebSite\",\"@id\":\"https:\\\/\\\/rivershannongroup.ie\\\/ga\\\/#website\",\"url\":\"https:\\\/\\\/rivershannongroup.ie\\\/ga\\\/\",\"name\":\"Shannon Flood Risk\",\"description\":\"\",\"potentialAction\":[{\"@type\":\"SearchAction\",\"target\":{\"@type\":\"EntryPoint\",\"urlTemplate\":\"https:\\\/\\\/rivershannongroup.ie\\\/ga\\\/?s={search_term_string}\"},\"query-input\":{\"@type\":\"PropertyValueSpecification\",\"valueRequired\":true,\"valueName\":\"search_term_string\"}}],\"inLanguage\":\"en-US\"}]}<\/script>\n<!-- \/ Yoast SEO plugin. -->","yoast_head_json":{"title":"Infheist\u00edocht - Shannon Flood Risk","description":"T\u00e1 \u20ac1.3 billi\u00fan geallta mar infheist\u00edocht i mbaol tuilte ar feadh an tsaoil agus bhain 11 pobal i CA na Sionainne leas as...","robots":{"index":"index","follow":"follow","max-snippet":"max-snippet:-1","max-image-preview":"max-image-preview:large","max-video-preview":"max-video-preview:-1"},"canonical":"https:\/\/rivershannongroup.ie\/ga\/investment\/","og_locale":"en_US","og_type":"article","og_title":"Infheist\u00edocht - Shannon Flood Risk","og_description":"T\u00e1 \u20ac1.3 billi\u00fan geallta mar infheist\u00edocht i mbaol tuilte ar feadh an tsaoil agus bhain 11 pobal i CA na Sionainne leas as...","og_url":"https:\/\/rivershannongroup.ie\/ga\/investment\/","og_site_name":"Shannon Flood Risk","article_modified_time":"2025-05-07T13:25:08+00:00","og_image":[{"url":"https:\/\/rivershannongroup.ie\/ga\/wp-content\/uploads\/2023\/11\/Layout-image-boat.jpg","type":"","width":"","height":""}],"twitter_card":"summary_large_image","twitter_misc":{"Est. reading time":"1 minute"},"schema":{"@context":"https:\/\/schema.org","@graph":[{"@type":"WebPage","@id":"https:\/\/rivershannongroup.ie\/ga\/investment\/","url":"https:\/\/rivershannongroup.ie\/ga\/investment\/","name":"Infheist\u00edocht - Shannon Flood Risk","isPartOf":{"@id":"https:\/\/rivershannongroup.ie\/ga\/#website"},"primaryImageOfPage":{"@id":"https:\/\/rivershannongroup.ie\/ga\/investment\/#primaryimage"},"image":{"@id":"https:\/\/rivershannongroup.ie\/ga\/investment\/#primaryimage"},"thumbnailUrl":"https:\/\/rivershannongroup.ie\/ga\/wp-content\/uploads\/2023\/11\/Layout-image-boat.jpg","datePublished":"2023-11-24T16:17:40+00:00","dateModified":"2025-05-07T13:25:08+00:00","description":"T\u00e1 \u20ac1.3 billi\u00fan geallta mar infheist\u00edocht i mbaol tuilte ar feadh an tsaoil agus bhain 11 pobal i CA na Sionainne leas as...","breadcrumb":{"@id":"https:\/\/rivershannongroup.ie\/ga\/investment\/#breadcrumb"},"inLanguage":"en-US","potentialAction":[{"@type":"ReadAction","target":["https:\/\/rivershannongroup.ie\/ga\/investment\/"]}]},{"@type":"ImageObject","inLanguage":"en-US","@id":"https:\/\/rivershannongroup.ie\/ga\/investment\/#primaryimage","url":"https:\/\/rivershannongroup.ie\/ga\/wp-content\/uploads\/2023\/11\/Layout-image-boat.jpg","contentUrl":"https:\/\/rivershannongroup.ie\/ga\/wp-content\/uploads\/2023\/11\/Layout-image-boat.jpg","width":560,"height":500,"caption":"Boat on river"},{"@type":"BreadcrumbList","@id":"https:\/\/rivershannongroup.ie\/ga\/investment\/#breadcrumb","itemListElement":[{"@type":"ListItem","position":1,"name":"Home","item":"https:\/\/rivershannongroup.ie\/ga\/"},{"@type":"ListItem","position":2,"name":"Infheist\u00edocht"}]},{"@type":"WebSite","@id":"https:\/\/rivershannongroup.ie\/ga\/#website","url":"https:\/\/rivershannongroup.ie\/ga\/","name":"Shannon Flood Risk","description":"","potentialAction":[{"@type":"SearchAction","target":{"@type":"EntryPoint","urlTemplate":"https:\/\/rivershannongroup.ie\/ga\/?s={search_term_string}"},"query-input":{"@type":"PropertyValueSpecification","valueRequired":true,"valueName":"search_term_string"}}],"inLanguage":"en-US"}]}},"_links":{"self":[{"href":"https:\/\/rivershannongroup.ie\/ga\/wp-json\/wp\/v2\/pages\/654","targetHints":{"allow":["GET"]}}],"collection":[{"href":"https:\/\/rivershannongroup.ie\/ga\/wp-json\/wp\/v2\/pages"}],"about":[{"href":"https:\/\/rivershannongroup.ie\/ga\/wp-json\/wp\/v2\/types\/page"}],"author":[{"embeddable":true,"href":"https:\/\/rivershannongroup.ie\/ga\/wp-json\/wp\/v2\/users\/1"}],"replies":[{"embeddable":true,"href":"https:\/\/rivershannongroup.ie\/ga\/wp-json\/wp\/v2\/comments?post=654"}],"version-history":[{"count":14,"href":"https:\/\/rivershannongroup.ie\/ga\/wp-json\/wp\/v2\/pages\/654\/revisions"}],"predecessor-version":[{"id":1594,"href":"https:\/\/rivershannongroup.ie\/ga\/wp-json\/wp\/v2\/pages\/654\/revisions\/1594"}],"wp:attachment":[{"href":"https:\/\/rivershannongroup.ie\/ga\/wp-json\/wp\/v2\/media?parent=654"}],"curies":[{"name":"wp","href":"https:\/\/api.w.org\/{rel}","templated":true}]}}