{"id":697,"date":"2023-11-27T11:08:31","date_gmt":"2023-11-27T11:08:31","guid":{"rendered":"https:\/\/rivershannongroup.ie\/?page_id=697"},"modified":"2025-05-07T13:32:33","modified_gmt":"2025-05-07T13:32:33","slug":"shannon-callows","status":"publish","type":"page","link":"https:\/\/rivershannongroup.ie\/ga\/shannon-callows\/","title":{"rendered":"Cala\u00ed na Sionainne"},"content":{"rendered":"\t\t<div data-elementor-type=\"wp-page\" data-elementor-id=\"697\" class=\"elementor elementor-697\">\n\t\t\t\t\t\t<section class=\"elementor-section elementor-top-section elementor-element elementor-element-455767a elementor-section-boxed elementor-section-height-default elementor-section-height-default\" data-id=\"455767a\" data-element_type=\"section\" data-e-type=\"section\">\n\t\t\t\t\t\t<div class=\"elementor-container elementor-column-gap-default\">\n\t\t\t\t\t<div class=\"elementor-column elementor-col-100 elementor-top-column elementor-element elementor-element-41a897e\" data-id=\"41a897e\" data-element_type=\"column\" data-e-type=\"column\">\n\t\t\t<div class=\"elementor-widget-wrap elementor-element-populated\">\n\t\t\t\t\t\t<div class=\"elementor-element elementor-element-8d79597 elementor-widget elementor-widget-shortcode\" data-id=\"8d79597\" data-element_type=\"widget\" data-e-type=\"widget\" data-widget_type=\"shortcode.default\">\n\t\t\t\t<div class=\"elementor-widget-container\">\n\t\t\t\t\t\t\t<div class=\"elementor-shortcode\"><\/div>\n\t\t\t\t\t\t<\/div>\n\t\t\t\t<\/div>\n\t\t\t\t\t<\/div>\n\t\t<\/div>\n\t\t\t\t\t<\/div>\n\t\t<\/section>\n\t\t\t\t<section class=\"elementor-section elementor-top-section elementor-element elementor-element-8f9636a elementor-section-boxed elementor-section-height-default elementor-section-height-default\" data-id=\"8f9636a\" data-element_type=\"section\" data-e-type=\"section\">\n\t\t\t\t\t\t<div class=\"elementor-container elementor-column-gap-default\">\n\t\t\t\t\t<div class=\"elementor-column elementor-col-100 elementor-top-column elementor-element elementor-element-e61f5c1\" data-id=\"e61f5c1\" data-element_type=\"column\" data-e-type=\"column\">\n\t\t\t<div class=\"elementor-widget-wrap elementor-element-populated\">\n\t\t\t\t\t\t<section class=\"elementor-section elementor-inner-section elementor-element elementor-element-06dcb2f elementor-section-full_width elementor-section-height-default elementor-section-height-default\" data-id=\"06dcb2f\" data-element_type=\"section\" data-e-type=\"section\" data-settings=\"{&quot;background_background&quot;:&quot;classic&quot;}\">\n\t\t\t\t\t\t<div class=\"elementor-container elementor-column-gap-wide\">\n\t\t\t\t\t<div class=\"elementor-column elementor-col-50 elementor-inner-column elementor-element elementor-element-781d01e content-block-tablet-mobile-top\" data-id=\"781d01e\" data-element_type=\"column\" data-e-type=\"column\">\n\t\t\t<div class=\"elementor-widget-wrap elementor-element-populated\">\n\t\t\t\t\t\t<div class=\"elementor-element elementor-element-427ef07 elementor-widget elementor-widget-image\" data-id=\"427ef07\" data-element_type=\"widget\" data-e-type=\"widget\" data-widget_type=\"image.default\">\n\t\t\t\t<div class=\"elementor-widget-container\">\n\t\t\t\t\t\t\t\t\t\t\t\t\t\t\t<img fetchpriority=\"high\" decoding=\"async\" width=\"560\" height=\"500\" src=\"https:\/\/rivershannongroup.ie\/ga\/wp-content\/uploads\/2023\/12\/Layout-image-shannon-callows-2.jpg\" class=\"attachment-large size-large wp-image-1118\" alt=\"shannon callows\" srcset=\"https:\/\/rivershannongroup.ie\/ga\/wp-content\/uploads\/2023\/12\/Layout-image-shannon-callows-2.jpg 560w, https:\/\/rivershannongroup.ie\/ga\/wp-content\/uploads\/2023\/12\/Layout-image-shannon-callows-2-300x268.jpg 300w\" sizes=\"(max-width: 560px) 100vw, 560px\" style=\"width:100%;height:89.29%;max-width:560px\" \/>\t\t\t\t\t\t\t\t\t\t\t\t\t\t\t<\/div>\n\t\t\t\t<\/div>\n\t\t\t\t\t<\/div>\n\t\t<\/div>\n\t\t\t\t<div class=\"elementor-column elementor-col-50 elementor-inner-column elementor-element elementor-element-7e6bbe8\" data-id=\"7e6bbe8\" data-element_type=\"column\" data-e-type=\"column\">\n\t\t\t<div class=\"elementor-widget-wrap elementor-element-populated\">\n\t\t\t\t\t\t<div class=\"elementor-element elementor-element-3a04300 yellow-underline elementor-widget elementor-widget-heading\" data-id=\"3a04300\" data-element_type=\"widget\" data-e-type=\"widget\" data-widget_type=\"heading.default\">\n\t\t\t\t<div class=\"elementor-widget-container\">\n\t\t\t\t\t<h2 class=\"elementor-heading-title elementor-size-default\">Cad iad Cala\u00ed na Sionainne?<\/h2>\t\t\t\t<\/div>\n\t\t\t\t<\/div>\n\t\t\t\t<div class=\"elementor-element elementor-element-df8f773 elementor-widget elementor-widget-text-editor\" data-id=\"df8f773\" data-element_type=\"widget\" data-e-type=\"widget\" data-widget_type=\"text-editor.default\">\n\t\t\t\t<div class=\"elementor-widget-container\">\n\t\t\t\t\t\t\t\t\t<p>F\u00e9arach is ea Cala\u00ed na Sionainne i limist\u00e9ar \u00edseal thuilemh\u00e1nna na habhann, ina dtarla\u00edonn tuilte sa s\u00e9as\u00far b\u00e1ist\u00ed. T\u00e1 an ceantar sin idir Baile \u00c1tha Luain, \u00e1it a dtagann an t-uisce amach as Loch R\u00ed, agus Port Omna, \u00e1it a dt\u00e9ann an t-uisce isteach i Loch Deirgeirt.<\/p><p>\u00a0<\/p><p>T\u00e1 c\u00e1il ar Chala\u00ed na Sionainne mar gheall ar na h\u00e9in fhi\u00e1ine at\u00e1 sa cheantar agus mar gheall ar an bhfiadh\u00falra go l\u00e9ir at\u00e1 ann. B\u00edonn an-chuid lapair\u00ed goir ann agus an Pilib\u00edn, an Cosdearg\u00e1n, an Crotach, an Gobad\u00e1n agus an Guilbneach ina measc. Is ioma\u00ed speiceas \u00e9an imirce fi\u00e1in a thugann cuairt ar na Cala\u00ed agus t\u00e1 an madra uisce, an sionnach, an fir\u00e9ad agus an mhinc fairsing ann freisin.<\/p><p>\u00a0<\/p><p>T\u00e1 Cala\u00ed na Sionainne r\u00f3-bhog den chuid is m\u00f3 le haghaidh dianfheirmeoireachta ach baintear leas astu le haghaidh f\u00e9ar tirim n\u00f3 sadhlais n\u00f3 le haghaidh in\u00edor samhraidh. Tagann an-athr\u00fa ar an leibh\u00e9al uisce sna Cala\u00ed, rud is c\u00fais le d\u00fashl\u00e1n nuair a thagann babhta\u00ed adhaimsire. T\u00e1 teorainn leis an mbainisti\u00fa is f\u00e9idir a dh\u00e9anamh ar leibh\u00e9al an uisce ionas nach dtarl\u00f3idh tuile nuair a bh\u00edonn b\u00e1isteach mh\u00f3r ann.<\/p>\t\t\t\t\t\t\t\t<\/div>\n\t\t\t\t<\/div>\n\t\t\t\t\t<\/div>\n\t\t<\/div>\n\t\t\t\t\t<\/div>\n\t\t<\/section>\n\t\t\t\t\t<\/div>\n\t\t<\/div>\n\t\t\t\t\t<\/div>\n\t\t<\/section>\n\t\t\t\t<section class=\"elementor-section elementor-top-section elementor-element elementor-element-8fd2ae3 elementor-section-boxed elementor-section-height-default elementor-section-height-default\" data-id=\"8fd2ae3\" data-element_type=\"section\" data-e-type=\"section\">\n\t\t\t\t\t\t<div class=\"elementor-container elementor-column-gap-default\">\n\t\t\t\t\t<div class=\"elementor-column elementor-col-100 elementor-top-column elementor-element elementor-element-c955ef3\" data-id=\"c955ef3\" data-element_type=\"column\" data-e-type=\"column\">\n\t\t\t<div class=\"elementor-widget-wrap elementor-element-populated\">\n\t\t\t\t\t\t<div class=\"elementor-element elementor-element-cb935ff elementor-widget elementor-widget-text-editor\" data-id=\"cb935ff\" data-element_type=\"widget\" data-e-type=\"widget\" data-widget_type=\"text-editor.default\">\n\t\t\t\t<div class=\"elementor-widget-container\">\n\t\t\t\t\t\t\t\t\t<p>D\u00e9anann an tSeirbh\u00eds P\u00e1irceanna N\u00e1isi\u00fanta agus Fiadh\u00falra beartas a ullmh\u00fa agus a bhainisti\u00fa a bhaineann leis an timpeallacht n\u00e1d\u00fartha agus t\u00e1 freagrachta\u00ed uirthi ar an leibh\u00e9al n\u00e1isi\u00fanta agus ar an leibh\u00e9al idirn\u00e1isi\u00fanta. Faoi na Treoracha maidir le h\u00c9in agus Gn\u00e1th\u00f3ga agus faoi na hAchtanna um Fhiadh\u00falra, t\u00e1 Cala\u00ed na Sionainne ainmnithe ina Limist\u00e9ar faoi Chosaint Speisialta, ina Limist\u00e9ar Caomhantais Speisialta agus ina Limist\u00e9ar Oidhreachta N\u00e1isi\u00fanta. Is \u00e9 an r\u00f3l at\u00e1 ag an tSeirbh\u00eds P\u00e1irceanna N\u00e1isi\u00fanta agus Fiadh\u00falra n\u00e1 \u00e9iceach\u00f3rais a chaomhn\u00fa agus an l\u00edon fl\u00f3ra agus f\u00e1na a choinne\u00e1il seasta n\u00f3 a fheabhs\u00fa. I measc na ngn\u00e1th\u00f3g t\u00e1 turlaigh, eanaigh (ar minic a dt\u00e9ann athr\u00fa ar an leibh\u00e9al uisce i bhfeidhm orthu), lochanna, aibhneacha, portaigh agus gn\u00e1th\u00f3ga tuilemh\u00e1 t\u00e1bhachtacha ar n\u00f3s Cala\u00ed na Sionainne.<\/p>\t\t\t\t\t\t\t\t<\/div>\n\t\t\t\t<\/div>\n\t\t\t\t\t<\/div>\n\t\t<\/div>\n\t\t\t\t\t<\/div>\n\t\t<\/section>\n\t\t\t\t<section class=\"elementor-section elementor-top-section elementor-element elementor-element-37ac051 elementor-section-boxed elementor-section-height-default elementor-section-height-default\" data-id=\"37ac051\" data-element_type=\"section\" data-e-type=\"section\" data-settings=\"{&quot;background_background&quot;:&quot;classic&quot;}\">\n\t\t\t\t\t\t<div class=\"elementor-container elementor-column-gap-wider\">\n\t\t\t\t\t<div class=\"elementor-column elementor-col-100 elementor-top-column elementor-element elementor-element-d74f935\" data-id=\"d74f935\" data-element_type=\"column\" data-e-type=\"column\">\n\t\t\t<div class=\"elementor-widget-wrap elementor-element-populated\">\n\t\t\t\t\t\t<section class=\"elementor-section elementor-inner-section elementor-element elementor-element-d962347 elementor-section-full_width elementor-section-height-default elementor-section-height-default\" data-id=\"d962347\" data-element_type=\"section\" data-e-type=\"section\" data-settings=\"{&quot;background_background&quot;:&quot;classic&quot;}\">\n\t\t\t\t\t\t<div class=\"elementor-container elementor-column-gap-wide\">\n\t\t\t\t\t<div class=\"elementor-column elementor-col-50 elementor-inner-column elementor-element elementor-element-904f7b3 content-block-tablet-mobile-bottom\" data-id=\"904f7b3\" data-element_type=\"column\" data-e-type=\"column\">\n\t\t\t<div class=\"elementor-widget-wrap elementor-element-populated\">\n\t\t\t\t\t\t<div class=\"elementor-element elementor-element-0c75f28 yellow-underline elementor-widget elementor-widget-heading\" data-id=\"0c75f28\" data-element_type=\"widget\" data-e-type=\"widget\" data-widget_type=\"heading.default\">\n\t\t\t\t<div class=\"elementor-widget-container\">\n\t\t\t\t\t<h2 class=\"elementor-heading-title elementor-size-default\">Cad \u00e9 tionscadal na gcaolas i gCala\u00ed na Sionainne?<\/h2>\t\t\t\t<\/div>\n\t\t\t\t<\/div>\n\t\t\t\t<div class=\"elementor-element elementor-element-42db91b elementor-widget elementor-widget-text-editor\" data-id=\"42db91b\" data-element_type=\"widget\" data-e-type=\"widget\" data-widget_type=\"text-editor.default\">\n\t\t\t\t<div class=\"elementor-widget-container\">\n\t\t\t\t\t\t\t\t\t<p>T\u00e1 an Rialtas ag cur \u20ac7m ar f\u00e1il chun cl\u00e1r a chur i bhfeidhm faoina nd\u00e9anfar cothabh\u00e1il strait\u00e9iseach taobh thuas d\u2019Ard na Croise. Cabhr\u00f3idh s\u00e9 sin le tuilte a laghd\u00fa agus gheofar r\u00e9idh le roinnt caolas i gCala\u00ed na Sionainne chun moill a chur ar thuilte sa cheantar. \u00das\u00e1idfear thart ar \u20ac4m den mhaoini\u00fa sin chun f\u00e1il r\u00e9idh leis na caolais i r\u00e9igi\u00fan na gCala\u00ed.<\/p><p>\u00a0<\/p><p>I staid\u00e9ar a rinneadh mar chuid de Staid\u00e9ar Meas\u00fanaithe agus Bainist\u00edochta Riosca i gc\u00e1s Tuilte Dhobharcheantair na Sionainne (CFRAM) agus i staid\u00e9ar a rinne an Mheitheal um Chomhord\u00fa na nGn\u00edomhaireachta\u00ed St\u00e1it i leith Phriacal Tuile na Sionainne, d\u00edr\u00edodh aird ar na tairbh\u00ed a d\u2019fh\u00e9adfadh a bheith i gceist le f\u00e1il r\u00e9idh le roinnt \u2018caolas\u2019 i r\u00e9igi\u00fan na gCala\u00ed agus bearta\u00edodh tabhairt faoin tionscnamh sin.<\/p><p>\u00a0<\/p><p>T\u00e1 Gr\u00fapa Sti\u00fartha ceaptha chun maoirseacht a dh\u00e9anamh ar an tionscadal i r\u00e9igi\u00fan na gCala\u00ed. T\u00e1 treoir \u00e1 tabhairt chun cr\u00edche faoi l\u00e1thair chun comhairleoir a cheapadh a dh\u00e9anfaidh an anail\u00eds tosaigh agus an dearadh. Beidh an tionscadal ag brath ar chead plean\u00e1la agus beidh Meas\u00fanacht Tionchair Timpeallachta agus Meas\u00fanacht Chu\u00ed ag teast\u00e1il faoi na Treoracha maidir le h\u00c9in agus Gn\u00e1th\u00f3ga. D\u2019fh\u00e9adfadh s\u00e9 go mbeadh toilithe breise ag teast\u00e1il faoi ph\u00edosa\u00ed eile reachta\u00edochta. N\u00ed f\u00e9idir t\u00fas a chur le haon obair go dt\u00ed go mbeidh gach toili\u00fa cu\u00ed faighte.<\/p>\t\t\t\t\t\t\t\t<\/div>\n\t\t\t\t<\/div>\n\t\t\t\t\t<\/div>\n\t\t<\/div>\n\t\t\t\t<div class=\"elementor-column elementor-col-50 elementor-inner-column elementor-element elementor-element-c0e5651 content-block-tablet-mobile-top\" data-id=\"c0e5651\" data-element_type=\"column\" data-e-type=\"column\">\n\t\t\t<div class=\"elementor-widget-wrap elementor-element-populated\">\n\t\t\t\t\t\t<div class=\"elementor-element elementor-element-6ede8dd elementor-widget elementor-widget-image\" data-id=\"6ede8dd\" data-element_type=\"widget\" data-e-type=\"widget\" data-widget_type=\"image.default\">\n\t\t\t\t<div class=\"elementor-widget-container\">\n\t\t\t\t\t\t\t\t\t\t\t\t\t\t\t<img decoding=\"async\" width=\"560\" height=\"500\" src=\"https:\/\/rivershannongroup.ie\/ga\/wp-content\/uploads\/2023\/12\/Layout-image-shannon-callows.jpg\" class=\"attachment-large size-large wp-image-1117\" alt=\"shannon callows\" srcset=\"https:\/\/rivershannongroup.ie\/ga\/wp-content\/uploads\/2023\/12\/Layout-image-shannon-callows.jpg 560w, https:\/\/rivershannongroup.ie\/ga\/wp-content\/uploads\/2023\/12\/Layout-image-shannon-callows-300x268.jpg 300w\" sizes=\"(max-width: 560px) 100vw, 560px\" style=\"width:100%;height:89.29%;max-width:560px\" \/>\t\t\t\t\t\t\t\t\t\t\t\t\t\t\t<\/div>\n\t\t\t\t<\/div>\n\t\t\t\t\t<\/div>\n\t\t<\/div>\n\t\t\t\t\t<\/div>\n\t\t<\/section>\n\t\t\t\t\t<\/div>\n\t\t<\/div>\n\t\t\t\t\t<\/div>\n\t\t<\/section>\n\t\t\t\t<\/div>\n\t\t","protected":false},"excerpt":{"rendered":"<p>Cad iad Cala\u00ed na Sionainne? F\u00e9arach is ea Cala\u00ed na Sionainne i limist\u00e9ar \u00edseal thuilemh\u00e1nna na habhann, ina dtarla\u00edonn tuilte sa s\u00e9as\u00far b\u00e1ist\u00ed. T\u00e1 an ceantar sin idir Baile \u00c1tha Luain, \u00e1it a dtagann an t-uisce amach as Loch R\u00ed, agus Port Omna, \u00e1it a dt\u00e9ann an t-uisce isteach i Loch Deirgeirt. \u00a0 T\u00e1 c\u00e1il&hellip; <a class=\"more-link\" href=\"https:\/\/rivershannongroup.ie\/ga\/shannon-callows\/\">Continue reading <span class=\"screen-reader-text\">Cala\u00ed na Sionainne<\/span><\/a><\/p>\n","protected":false},"author":1,"featured_media":1118,"parent":0,"menu_order":0,"comment_status":"closed","ping_status":"closed","template":"","meta":{"footnotes":""},"class_list":["post-697","page","type-page","status-publish","has-post-thumbnail","hentry","entry"],"yoast_head":"<!-- This site is optimized with the Yoast SEO plugin v27.3 - https:\/\/yoast.com\/product\/yoast-seo-wordpress\/ -->\n<title>Cala\u00ed na Sionainne - Shannon Flood Risk<\/title>\n<meta name=\"description\" content=\"T\u00e1 cl\u00fa agus c\u00e1il ar Fhiadh\u00falra agus \u00e9in na Sionainne, agus is cuid de thalamh f\u00e9araigh \u00edseal d&#039;Abhainn na Sionainne \u00e9 Callows na Sionainne\" \/>\n<meta name=\"robots\" content=\"index, follow, max-snippet:-1, max-image-preview:large, max-video-preview:-1\" \/>\n<link rel=\"canonical\" href=\"https:\/\/rivershannongroup.ie\/ga\/shannon-callows\/\" \/>\n<meta property=\"og:locale\" content=\"en_US\" \/>\n<meta property=\"og:type\" content=\"article\" \/>\n<meta property=\"og:title\" content=\"Cala\u00ed na Sionainne - Shannon Flood Risk\" \/>\n<meta property=\"og:description\" content=\"T\u00e1 cl\u00fa agus c\u00e1il ar Fhiadh\u00falra agus \u00e9in na Sionainne, agus is cuid de thalamh f\u00e9araigh \u00edseal d&#039;Abhainn na Sionainne \u00e9 Callows na Sionainne\" \/>\n<meta property=\"og:url\" content=\"https:\/\/rivershannongroup.ie\/ga\/shannon-callows\/\" \/>\n<meta property=\"og:site_name\" content=\"Shannon Flood Risk\" \/>\n<meta property=\"article:modified_time\" content=\"2025-05-07T13:32:33+00:00\" \/>\n<meta property=\"og:image\" content=\"https:\/\/rivershannongroup.ie\/ga\/wp-content\/uploads\/2023\/12\/Layout-image-shannon-callows-2.jpg\" \/>\n\t<meta property=\"og:image:width\" content=\"560\" \/>\n\t<meta property=\"og:image:height\" content=\"500\" \/>\n\t<meta property=\"og:image:type\" content=\"image\/jpeg\" \/>\n<meta name=\"twitter:card\" content=\"summary_large_image\" \/>\n<meta name=\"twitter:label1\" content=\"Est. reading time\" \/>\n\t<meta name=\"twitter:data1\" content=\"3 minutes\" \/>\n<script type=\"application\/ld+json\" class=\"yoast-schema-graph\">{\"@context\":\"https:\\\/\\\/schema.org\",\"@graph\":[{\"@type\":\"WebPage\",\"@id\":\"https:\\\/\\\/rivershannongroup.ie\\\/ga\\\/shannon-callows\\\/\",\"url\":\"https:\\\/\\\/rivershannongroup.ie\\\/ga\\\/shannon-callows\\\/\",\"name\":\"Cala\u00ed na Sionainne - Shannon Flood Risk\",\"isPartOf\":{\"@id\":\"https:\\\/\\\/rivershannongroup.ie\\\/ga\\\/#website\"},\"primaryImageOfPage\":{\"@id\":\"https:\\\/\\\/rivershannongroup.ie\\\/ga\\\/shannon-callows\\\/#primaryimage\"},\"image\":{\"@id\":\"https:\\\/\\\/rivershannongroup.ie\\\/ga\\\/shannon-callows\\\/#primaryimage\"},\"thumbnailUrl\":\"https:\\\/\\\/rivershannongroup.ie\\\/ga\\\/wp-content\\\/uploads\\\/2023\\\/12\\\/Layout-image-shannon-callows-2.jpg\",\"datePublished\":\"2023-11-27T11:08:31+00:00\",\"dateModified\":\"2025-05-07T13:32:33+00:00\",\"description\":\"T\u00e1 cl\u00fa agus c\u00e1il ar Fhiadh\u00falra agus \u00e9in na Sionainne, agus is cuid de thalamh f\u00e9araigh \u00edseal d'Abhainn na Sionainne \u00e9 Callows na Sionainne\",\"breadcrumb\":{\"@id\":\"https:\\\/\\\/rivershannongroup.ie\\\/ga\\\/shannon-callows\\\/#breadcrumb\"},\"inLanguage\":\"en-US\",\"potentialAction\":[{\"@type\":\"ReadAction\",\"target\":[\"https:\\\/\\\/rivershannongroup.ie\\\/ga\\\/shannon-callows\\\/\"]}]},{\"@type\":\"ImageObject\",\"inLanguage\":\"en-US\",\"@id\":\"https:\\\/\\\/rivershannongroup.ie\\\/ga\\\/shannon-callows\\\/#primaryimage\",\"url\":\"https:\\\/\\\/rivershannongroup.ie\\\/ga\\\/wp-content\\\/uploads\\\/2023\\\/12\\\/Layout-image-shannon-callows-2.jpg\",\"contentUrl\":\"https:\\\/\\\/rivershannongroup.ie\\\/ga\\\/wp-content\\\/uploads\\\/2023\\\/12\\\/Layout-image-shannon-callows-2.jpg\",\"width\":560,\"height\":500,\"caption\":\"shannon callows\"},{\"@type\":\"BreadcrumbList\",\"@id\":\"https:\\\/\\\/rivershannongroup.ie\\\/ga\\\/shannon-callows\\\/#breadcrumb\",\"itemListElement\":[{\"@type\":\"ListItem\",\"position\":1,\"name\":\"Home\",\"item\":\"https:\\\/\\\/rivershannongroup.ie\\\/ga\\\/\"},{\"@type\":\"ListItem\",\"position\":2,\"name\":\"Cala\u00ed na Sionainne\"}]},{\"@type\":\"WebSite\",\"@id\":\"https:\\\/\\\/rivershannongroup.ie\\\/ga\\\/#website\",\"url\":\"https:\\\/\\\/rivershannongroup.ie\\\/ga\\\/\",\"name\":\"Shannon Flood Risk\",\"description\":\"\",\"potentialAction\":[{\"@type\":\"SearchAction\",\"target\":{\"@type\":\"EntryPoint\",\"urlTemplate\":\"https:\\\/\\\/rivershannongroup.ie\\\/ga\\\/?s={search_term_string}\"},\"query-input\":{\"@type\":\"PropertyValueSpecification\",\"valueRequired\":true,\"valueName\":\"search_term_string\"}}],\"inLanguage\":\"en-US\"}]}<\/script>\n<!-- \/ Yoast SEO plugin. -->","yoast_head_json":{"title":"Cala\u00ed na Sionainne - Shannon Flood Risk","description":"T\u00e1 cl\u00fa agus c\u00e1il ar Fhiadh\u00falra agus \u00e9in na Sionainne, agus is cuid de thalamh f\u00e9araigh \u00edseal d'Abhainn na Sionainne \u00e9 Callows na Sionainne","robots":{"index":"index","follow":"follow","max-snippet":"max-snippet:-1","max-image-preview":"max-image-preview:large","max-video-preview":"max-video-preview:-1"},"canonical":"https:\/\/rivershannongroup.ie\/ga\/shannon-callows\/","og_locale":"en_US","og_type":"article","og_title":"Cala\u00ed na Sionainne - Shannon Flood Risk","og_description":"T\u00e1 cl\u00fa agus c\u00e1il ar Fhiadh\u00falra agus \u00e9in na Sionainne, agus is cuid de thalamh f\u00e9araigh \u00edseal d'Abhainn na Sionainne \u00e9 Callows na Sionainne","og_url":"https:\/\/rivershannongroup.ie\/ga\/shannon-callows\/","og_site_name":"Shannon Flood Risk","article_modified_time":"2025-05-07T13:32:33+00:00","og_image":[{"width":560,"height":500,"url":"https:\/\/rivershannongroup.ie\/ga\/wp-content\/uploads\/2023\/12\/Layout-image-shannon-callows-2.jpg","type":"image\/jpeg"}],"twitter_card":"summary_large_image","twitter_misc":{"Est. reading time":"3 minutes"},"schema":{"@context":"https:\/\/schema.org","@graph":[{"@type":"WebPage","@id":"https:\/\/rivershannongroup.ie\/ga\/shannon-callows\/","url":"https:\/\/rivershannongroup.ie\/ga\/shannon-callows\/","name":"Cala\u00ed na Sionainne - Shannon Flood Risk","isPartOf":{"@id":"https:\/\/rivershannongroup.ie\/ga\/#website"},"primaryImageOfPage":{"@id":"https:\/\/rivershannongroup.ie\/ga\/shannon-callows\/#primaryimage"},"image":{"@id":"https:\/\/rivershannongroup.ie\/ga\/shannon-callows\/#primaryimage"},"thumbnailUrl":"https:\/\/rivershannongroup.ie\/ga\/wp-content\/uploads\/2023\/12\/Layout-image-shannon-callows-2.jpg","datePublished":"2023-11-27T11:08:31+00:00","dateModified":"2025-05-07T13:32:33+00:00","description":"T\u00e1 cl\u00fa agus c\u00e1il ar Fhiadh\u00falra agus \u00e9in na Sionainne, agus is cuid de thalamh f\u00e9araigh \u00edseal d'Abhainn na Sionainne \u00e9 Callows na Sionainne","breadcrumb":{"@id":"https:\/\/rivershannongroup.ie\/ga\/shannon-callows\/#breadcrumb"},"inLanguage":"en-US","potentialAction":[{"@type":"ReadAction","target":["https:\/\/rivershannongroup.ie\/ga\/shannon-callows\/"]}]},{"@type":"ImageObject","inLanguage":"en-US","@id":"https:\/\/rivershannongroup.ie\/ga\/shannon-callows\/#primaryimage","url":"https:\/\/rivershannongroup.ie\/ga\/wp-content\/uploads\/2023\/12\/Layout-image-shannon-callows-2.jpg","contentUrl":"https:\/\/rivershannongroup.ie\/ga\/wp-content\/uploads\/2023\/12\/Layout-image-shannon-callows-2.jpg","width":560,"height":500,"caption":"shannon callows"},{"@type":"BreadcrumbList","@id":"https:\/\/rivershannongroup.ie\/ga\/shannon-callows\/#breadcrumb","itemListElement":[{"@type":"ListItem","position":1,"name":"Home","item":"https:\/\/rivershannongroup.ie\/ga\/"},{"@type":"ListItem","position":2,"name":"Cala\u00ed na Sionainne"}]},{"@type":"WebSite","@id":"https:\/\/rivershannongroup.ie\/ga\/#website","url":"https:\/\/rivershannongroup.ie\/ga\/","name":"Shannon Flood Risk","description":"","potentialAction":[{"@type":"SearchAction","target":{"@type":"EntryPoint","urlTemplate":"https:\/\/rivershannongroup.ie\/ga\/?s={search_term_string}"},"query-input":{"@type":"PropertyValueSpecification","valueRequired":true,"valueName":"search_term_string"}}],"inLanguage":"en-US"}]}},"_links":{"self":[{"href":"https:\/\/rivershannongroup.ie\/ga\/wp-json\/wp\/v2\/pages\/697","targetHints":{"allow":["GET"]}}],"collection":[{"href":"https:\/\/rivershannongroup.ie\/ga\/wp-json\/wp\/v2\/pages"}],"about":[{"href":"https:\/\/rivershannongroup.ie\/ga\/wp-json\/wp\/v2\/types\/page"}],"author":[{"embeddable":true,"href":"https:\/\/rivershannongroup.ie\/ga\/wp-json\/wp\/v2\/users\/1"}],"replies":[{"embeddable":true,"href":"https:\/\/rivershannongroup.ie\/ga\/wp-json\/wp\/v2\/comments?post=697"}],"version-history":[{"count":27,"href":"https:\/\/rivershannongroup.ie\/ga\/wp-json\/wp\/v2\/pages\/697\/revisions"}],"predecessor-version":[{"id":1609,"href":"https:\/\/rivershannongroup.ie\/ga\/wp-json\/wp\/v2\/pages\/697\/revisions\/1609"}],"wp:featuredmedia":[{"embeddable":true,"href":"https:\/\/rivershannongroup.ie\/ga\/wp-json\/wp\/v2\/media\/1118"}],"wp:attachment":[{"href":"https:\/\/rivershannongroup.ie\/ga\/wp-json\/wp\/v2\/media?parent=697"}],"curies":[{"name":"wp","href":"https:\/\/api.w.org\/{rel}","templated":true}]}}